{"id":212,"date":"2013-04-22T01:51:21","date_gmt":"2013-04-22T01:51:21","guid":{"rendered":"https:\/\/seedrioru.com\/wp\/?page_id=212"},"modified":"2025-12-16T09:12:24","modified_gmt":"2025-12-16T14:12:24","slug":"donate","status":"publish","type":"page","link":"https:\/\/seedrioru.com\/web2\/about-us\/donate\/","title":{"rendered":"Sponsors"},"content":{"rendered":"\n<figure class=\"wp-block-gallery has-nested-images columns-default wp-block-gallery-1 is-layout-flex wp-block-gallery-is-layout-flex\">\n<figure class=\"wp-block-image size-large\"><img data-recalc-dims=\"1\" loading=\"lazy\" decoding=\"async\" width=\"1000\" height=\"462\" data-id=\"12243\" src=\"https:\/\/i0.wp.com\/seedrioru.com\/web2\/wp-content\/uploads\/2025\/09\/EFC_ESK_HORIZ_COLOUR.png?resize=1000%2C462&#038;ssl=1\" alt=\"\" class=\"wp-image-12243\" srcset=\"https:\/\/i0.wp.com\/seedrioru.com\/web2\/wp-content\/uploads\/2025\/09\/EFC_ESK_HORIZ_COLOUR.png?w=1000&amp;ssl=1 1000w, https:\/\/i0.wp.com\/seedrioru.com\/web2\/wp-content\/uploads\/2025\/09\/EFC_ESK_HORIZ_COLOUR.png?resize=300%2C139&amp;ssl=1 300w, https:\/\/i0.wp.com\/seedrioru.com\/web2\/wp-content\/uploads\/2025\/09\/EFC_ESK_HORIZ_COLOUR.png?resize=768%2C355&amp;ssl=1 768w, https:\/\/i0.wp.com\/seedrioru.com\/web2\/wp-content\/uploads\/2025\/09\/EFC_ESK_HORIZ_COLOUR.png?resize=20%2C9&amp;ssl=1 20w, https:\/\/i0.wp.com\/seedrioru.com\/web2\/wp-content\/uploads\/2025\/09\/EFC_ESK_HORIZ_COLOUR.png?resize=36%2C17&amp;ssl=1 36w, https:\/\/i0.wp.com\/seedrioru.com\/web2\/wp-content\/uploads\/2025\/09\/EFC_ESK_HORIZ_COLOUR.png?resize=48%2C22&amp;ssl=1 48w, https:\/\/i0.wp.com\/seedrioru.com\/web2\/wp-content\/uploads\/2025\/09\/EFC_ESK_HORIZ_COLOUR.png?resize=600%2C277&amp;ssl=1 600w\" sizes=\"auto, (max-width: 1000px) 100vw, 1000px\" \/><\/figure>\n<\/figure>\n\n\n\n<h2 class=\"wp-block-heading\"><b>Eesti Sihtkapital Kanadas | <\/b><b><i>Estonian Foundation of Canada<\/i><\/b><\/h2>\n\n\n\n<p class=\"\">Seedrioru tunnustab uhkusega <a href=\"https:\/\/estonianfoundation.ca\/et\">Eesti Sihtkapital Kanadas<\/a> kui suursponsorit, kelle helde toetus tugevdab meie missiooni ja kogukonda. Nende p\u00fchendumus Eesti kultuuri hoidmisele Kanadas aitab tagada, et Seedrioru saab pakkuda v\u00e4\u00e4rtuslikke programme ja kultuurikodu ka tulevastele p\u00f5lvkondadele. Oleme nende partnerluse eest s\u00fcgavalt t\u00e4nulikud.<\/p>\n\n\n\n<hr class=\"wp-block-separator has-alpha-channel-opacity\"\/>\n\n\n\n<p class=\"\"><em>Seedrioru proudly recognizes the <a href=\"https:\/\/estonianfoundation.ca\/\">Estonian Foundation of Canada<\/a> as a major sponsor whose generous support strengthens our mission and community. Their dedication to preserving Estonian culture in Canada helps ensure Seedrioru can continue offering meaningful programs and a cultural home for future generations. We are deeply grateful for their partnership.<\/em><\/p>\n\n\n\n<figure class=\"wp-block-image size-full\"><img data-recalc-dims=\"1\" loading=\"lazy\" decoding=\"async\" width=\"720\" height=\"126\" src=\"https:\/\/i0.wp.com\/seedrioru.com\/web2\/wp-content\/uploads\/2024\/12\/EEELK.png?resize=720%2C126&#038;ssl=1\" alt=\"\" class=\"wp-image-12180\" srcset=\"https:\/\/i0.wp.com\/seedrioru.com\/web2\/wp-content\/uploads\/2024\/12\/EEELK.png?w=720&amp;ssl=1 720w, https:\/\/i0.wp.com\/seedrioru.com\/web2\/wp-content\/uploads\/2024\/12\/EEELK.png?resize=300%2C53&amp;ssl=1 300w, https:\/\/i0.wp.com\/seedrioru.com\/web2\/wp-content\/uploads\/2024\/12\/EEELK.png?resize=20%2C4&amp;ssl=1 20w, https:\/\/i0.wp.com\/seedrioru.com\/web2\/wp-content\/uploads\/2024\/12\/EEELK.png?resize=36%2C6&amp;ssl=1 36w, https:\/\/i0.wp.com\/seedrioru.com\/web2\/wp-content\/uploads\/2024\/12\/EEELK.png?resize=48%2C8&amp;ssl=1 48w, https:\/\/i0.wp.com\/seedrioru.com\/web2\/wp-content\/uploads\/2024\/12\/EEELK.png?resize=600%2C105&amp;ssl=1 600w\" sizes=\"auto, (max-width: 720px) 100vw, 720px\" \/><\/figure>\n\n\n\n<h2 class=\"wp-block-heading\"><strong>Esimene EELK Hamiltonis | <em>First Estonian Ev. Lutheran Church, Hamilton<\/em>&nbsp;<\/strong><\/h2>\n\n\n\n<p class=\"\">Seedrioru on t\u00e4nulik Esimene EELK Hamiltonis pikaajalise toetuse ja p\u00fchendumuse eest meie kogukonnale. Suursponsorina aitab nende p\u00fchendumus Eesti p\u00e4randi, kultuuri ja v\u00e4\u00e4rtuste hoidmisele L\u00f5una-Ontarios tagada, et Seedrioru j\u00e4\u00e4b elavaks kogunemiskohaks nii praegustele kui ka tulevastele p\u00f5lvkondadele. Hindame s\u00fcgavalt nende j\u00e4tkuvat partnerlust ja t\u00e4hendusrikast panust meie missiooni.<\/p>\n\n\n\n<hr class=\"wp-block-separator has-alpha-channel-opacity\"\/>\n\n\n\n<p class=\"\"><em>Seedrioru is grateful to the First Estonian Evangelical Lutheran Church of Hamilton for their long-standing support and dedication to our community. As a major sponsor, their commitment to preserving Estonian heritage, culture, and values in southern Ontario helps ensure that Seedrioru remains a vibrant gathering place for current and future generations. We deeply appreciate their continued partnership and meaningful contribution to our mission.<\/em><\/p>\n\n\n<div class=\"wp-block-image\">\n<figure class=\"aligncenter size-full is-resized\"><a href=\"https:\/\/www.cottonfactory.ca\/\"><img data-recalc-dims=\"1\" loading=\"lazy\" decoding=\"async\" width=\"289\" height=\"98\" src=\"https:\/\/i0.wp.com\/seedrioru.com\/web2\/wp-content\/uploads\/2025\/12\/CottonFactory-Logo-Updated.png?resize=289%2C98&#038;ssl=1\" alt=\"\" class=\"wp-image-12387\" style=\"aspect-ratio:2.9490295092314978;width:584px;height:auto\" srcset=\"https:\/\/i0.wp.com\/seedrioru.com\/web2\/wp-content\/uploads\/2025\/12\/CottonFactory-Logo-Updated.png?w=289&amp;ssl=1 289w, https:\/\/i0.wp.com\/seedrioru.com\/web2\/wp-content\/uploads\/2025\/12\/CottonFactory-Logo-Updated.png?resize=20%2C7&amp;ssl=1 20w, https:\/\/i0.wp.com\/seedrioru.com\/web2\/wp-content\/uploads\/2025\/12\/CottonFactory-Logo-Updated.png?resize=36%2C12&amp;ssl=1 36w, https:\/\/i0.wp.com\/seedrioru.com\/web2\/wp-content\/uploads\/2025\/12\/CottonFactory-Logo-Updated.png?resize=48%2C16&amp;ssl=1 48w\" sizes=\"auto, (max-width: 289px) 100vw, 289px\" \/><\/a><\/figure>\n<\/div>\n\n\n<h2 class=\"wp-block-heading\">The Cotton Factory<\/h2>\n\n\n\n<p class=\"\">Seedrioru avaldab siirast t\u00e4nu <a href=\"https:\/\/www.cottonfactory.ca\/\">Cotton Factory<\/a>le nende j\u00e4tkuva toetuse ja helde sponsorabi eest. Loova, kogukondliku ja koost\u00f6\u00f6d v\u00e4\u00e4rtustava keskusena m\u00e4ngib Cotton Factory olulist rolli meie-suguste organisatsioonide toetamisel. Nende j\u00e4tkuv partnerlus aitab Seedriorul hoida ja arendada oma programme, hoolitseda territooriumi eest ning j\u00e4\u00e4da k\u00fclalislahkeks kogunemispaigaks meie kogukonnale. Oleme s\u00fcdamest t\u00e4nulikud nende p\u00fchendumuse ja toetuse eest.<\/p>\n\n\n\n<hr class=\"wp-block-separator has-alpha-channel-opacity\"\/>\n\n\n\n<p class=\"\"><em>Seedrioru extends our sincere thanks to the <a href=\"https:\/\/www.cottonfactory.ca\/\">Cotton Factory<\/a> for their ongoing support and generous sponsorship. As a vibrant hub for creativity, community, and collaboration, the Cotton Factory plays an important role in strengthening local organizations like ours. Their continued partnership helps Seedrioru sustain our programs, care for our grounds, and remain a welcoming gathering place for our community. We are truly grateful for their commitment and support.<\/em><\/p>\n\n\n\n<figure class=\"wp-block-gallery has-nested-images columns-default is-cropped wp-block-gallery-2 is-layout-flex wp-block-gallery-is-layout-flex\">\n<figure class=\"wp-block-image size-large\"><img data-recalc-dims=\"1\" loading=\"lazy\" decoding=\"async\" width=\"360\" height=\"188\" data-id=\"12334\" src=\"https:\/\/i0.wp.com\/seedrioru.com\/web2\/wp-content\/uploads\/2025\/12\/ekn-1_0_0_0.png?resize=360%2C188&#038;ssl=1\" alt=\"\" class=\"wp-image-12334\" srcset=\"https:\/\/i0.wp.com\/seedrioru.com\/web2\/wp-content\/uploads\/2025\/12\/ekn-1_0_0_0.png?w=360&amp;ssl=1 360w, https:\/\/i0.wp.com\/seedrioru.com\/web2\/wp-content\/uploads\/2025\/12\/ekn-1_0_0_0.png?resize=300%2C157&amp;ssl=1 300w, https:\/\/i0.wp.com\/seedrioru.com\/web2\/wp-content\/uploads\/2025\/12\/ekn-1_0_0_0.png?resize=20%2C10&amp;ssl=1 20w, https:\/\/i0.wp.com\/seedrioru.com\/web2\/wp-content\/uploads\/2025\/12\/ekn-1_0_0_0.png?resize=36%2C19&amp;ssl=1 36w, https:\/\/i0.wp.com\/seedrioru.com\/web2\/wp-content\/uploads\/2025\/12\/ekn-1_0_0_0.png?resize=48%2C25&amp;ssl=1 48w\" sizes=\"auto, (max-width: 360px) 100vw, 360px\" \/><\/figure>\n<\/figure>\n\n\n\n<h2 class=\"wp-block-heading\"><strong>Eestlaste Keskn\u00f5ukogu Kanadas | <em>Estonian Central Council in Canada<\/em><\/strong><\/h2>\n\n\n\n<p class=\"\">Seedrioru avaldab siira t\u00e4nu <a href=\"https:\/\/estoniancouncil.ca\/et\">Eestlaste Keskn\u00f5ukogule Kanadas<\/a> (EKN) nende v\u00e4\u00e4rtusliku sponsorluse ja pikaajalise p\u00fchendumuse eest meie kogukonnale. EKN seisab Eesti huvide eest ning tugevdab sidemeid Eesti ja Kanadas elavate eestlaste vahel. Nende toetus aitab Seedriorul hoida meie kultuurip\u00e4randit ja j\u00e4\u00e4da elavaks kogunemiskohaks ka tulevastele p\u00f5lvkondadele.<\/p>\n\n\n\n<hr class=\"wp-block-separator has-alpha-channel-opacity\"\/>\n\n\n\n<p class=\"\"><em>Seedrioru extends heartfelt thanks to the <a href=\"https:\/\/estoniancouncil.ca\/\">Estonian Central Council in Canada<\/a> (EKN) for their valued sponsorship and long-standing commitment to our community. EKN advocates for Estonia\u2019s interests and strengthens connections between Estonia and Estonians in Canada. Their support helps Seedrioru preserve our cultural heritage and remain a vibrant gathering place for future generations.<\/em><\/p>\n\n\n\n<figure class=\"wp-block-image size-full\"><img loading=\"lazy\" decoding=\"async\" width=\"270\" height=\"148\" src=\"https:\/\/i0.wp.com\/seedrioru.com\/web2\/wp-content\/uploads\/2025\/12\/Sponsors.jpg?fit=270%2C148&amp;ssl=1\" alt=\"\" class=\"wp-image-12336\" srcset=\"https:\/\/i0.wp.com\/seedrioru.com\/web2\/wp-content\/uploads\/2025\/12\/Sponsors.jpg?w=270&amp;ssl=1 270w, https:\/\/i0.wp.com\/seedrioru.com\/web2\/wp-content\/uploads\/2025\/12\/Sponsors.jpg?resize=20%2C11&amp;ssl=1 20w, https:\/\/i0.wp.com\/seedrioru.com\/web2\/wp-content\/uploads\/2025\/12\/Sponsors.jpg?resize=36%2C20&amp;ssl=1 36w, https:\/\/i0.wp.com\/seedrioru.com\/web2\/wp-content\/uploads\/2025\/12\/Sponsors.jpg?resize=48%2C26&amp;ssl=1 48w\" sizes=\"auto, (max-width: 270px) 100vw, 270px\" \/><\/figure>\n\n\n\n<h2 class=\"wp-block-heading\"><strong>Sponsorluse v\u00f5imalused | <em>Sponsorship Opportunities<\/em><\/strong><\/h2>\n\n\n\n<p class=\"\">Seedrioru pakub organisatsioonidele v\u00f5imalust sponsorida v\u00f5i reklaamida meie \u00fcritustel ning veebilehel. V\u00f5tke <a href=\"info@seedrioru.com\">meiega \u00fchendust<\/a>, et arutada sobivaid v\u00f5imalusi.<\/p>\n\n\n\n<hr class=\"wp-block-separator has-alpha-channel-opacity\"\/>\n\n\n\n<p class=\"\"><em>Seedrioru offers organizations the opportunity to sponsor or advertise at our events and through our website. Please <a href=\"info@seedrioru.com\">contact us<\/a> to discuss available options.<\/em><\/p>\n\n\n\n<p class=\"\"><\/p>\n","protected":false},"excerpt":{"rendered":"<p>Eesti Sihtkapital Kanadas | Estonian Foundation of Canada Seedrioru tunnustab uhkusega Eesti Sihtkapital Kanadas kui suursponsorit, kelle helde toetus tugevdab meie missiooni ja kogukonda. Nende p\u00fchendumus Eesti kultuuri hoidmisele Kanadas aitab tagada, et Seedrioru saab pakkuda v\u00e4\u00e4rtuslikke programme ja kultuurikodu ka tulevastele p\u00f5lvkondadele. Oleme nende partnerluse eest s\u00fcgavalt t\u00e4nulikud. Seedrioru proudly recognizes the Estonian Foundation&#8230;<a class=\"read-more-link button\" href=\"https:\/\/seedrioru.com\/web2\/about-us\/donate\/\">Read more<\/a><\/p>\n","protected":false},"author":1,"featured_media":0,"parent":294,"menu_order":0,"comment_status":"closed","ping_status":"closed","template":"","meta":{"nf_dc_page":"","ngg_post_thumbnail":0,"_mc_calendar":[],"footnotes":""},"class_list":["post-212","page","type-page","status-publish","hentry"],"yoast_head":"<!-- This site is optimized with the Yoast SEO plugin v27.4 - https:\/\/yoast.com\/product\/yoast-seo-wordpress\/ -->\n<title>Donations &amp; Sponsors<\/title>\n<meta name=\"description\" content=\"Donors and How to Donate\" \/>\n<meta name=\"robots\" content=\"index, follow, max-snippet:-1, max-image-preview:large, max-video-preview:-1\" \/>\n<link rel=\"canonical\" href=\"https:\/\/seedrioru.com\/web2\/about-us\/donate\/\" \/>\n<meta property=\"og:locale\" content=\"en_US\" \/>\n<meta property=\"og:type\" content=\"article\" \/>\n<meta property=\"og:title\" content=\"Donations &amp; Sponsors\" \/>\n<meta property=\"og:description\" content=\"Donors and How to Donate\" \/>\n<meta property=\"og:url\" content=\"https:\/\/seedrioru.com\/web2\/about-us\/donate\/\" \/>\n<meta property=\"og:site_name\" content=\"Seedrioru\" \/>\n<meta property=\"article:publisher\" content=\"https:\/\/www.facebook.com\/Seedrioru\" \/>\n<meta property=\"article:modified_time\" content=\"2025-12-16T14:12:24+00:00\" \/>\n<meta property=\"og:image\" content=\"https:\/\/seedrioru.com\/web2\/wp-content\/uploads\/2025\/09\/EFC_ESK_HORIZ_COLOUR.png\" \/>\n<meta name=\"twitter:card\" content=\"summary_large_image\" \/>\n<meta name=\"twitter:label1\" content=\"Est. reading time\" \/>\n\t<meta name=\"twitter:data1\" content=\"4 minutes\" \/>\n<script type=\"application\/ld+json\" class=\"yoast-schema-graph\">{\"@context\":\"https:\\\/\\\/schema.org\",\"@graph\":[{\"@type\":\"WebPage\",\"@id\":\"https:\\\/\\\/seedrioru.com\\\/web2\\\/about-us\\\/donate\\\/\",\"url\":\"https:\\\/\\\/seedrioru.com\\\/web2\\\/about-us\\\/donate\\\/\",\"name\":\"Donations & Sponsors\",\"isPartOf\":{\"@id\":\"https:\\\/\\\/seedrioru.com\\\/web2\\\/#website\"},\"primaryImageOfPage\":{\"@id\":\"https:\\\/\\\/seedrioru.com\\\/web2\\\/about-us\\\/donate\\\/#primaryimage\"},\"image\":{\"@id\":\"https:\\\/\\\/seedrioru.com\\\/web2\\\/about-us\\\/donate\\\/#primaryimage\"},\"thumbnailUrl\":\"https:\\\/\\\/seedrioru.com\\\/web2\\\/wp-content\\\/uploads\\\/2025\\\/09\\\/EFC_ESK_HORIZ_COLOUR.png\",\"datePublished\":\"2013-04-22T01:51:21+00:00\",\"dateModified\":\"2025-12-16T14:12:24+00:00\",\"description\":\"Donors and How to Donate\",\"breadcrumb\":{\"@id\":\"https:\\\/\\\/seedrioru.com\\\/web2\\\/about-us\\\/donate\\\/#breadcrumb\"},\"inLanguage\":\"en-US\",\"potentialAction\":[{\"@type\":\"ReadAction\",\"target\":[\"https:\\\/\\\/seedrioru.com\\\/web2\\\/about-us\\\/donate\\\/\"]}]},{\"@type\":\"ImageObject\",\"inLanguage\":\"en-US\",\"@id\":\"https:\\\/\\\/seedrioru.com\\\/web2\\\/about-us\\\/donate\\\/#primaryimage\",\"url\":\"https:\\\/\\\/i0.wp.com\\\/seedrioru.com\\\/web2\\\/wp-content\\\/uploads\\\/2025\\\/09\\\/EFC_ESK_HORIZ_COLOUR.png?fit=1000%2C462&ssl=1\",\"contentUrl\":\"https:\\\/\\\/i0.wp.com\\\/seedrioru.com\\\/web2\\\/wp-content\\\/uploads\\\/2025\\\/09\\\/EFC_ESK_HORIZ_COLOUR.png?fit=1000%2C462&ssl=1\",\"width\":1000,\"height\":462},{\"@type\":\"BreadcrumbList\",\"@id\":\"https:\\\/\\\/seedrioru.com\\\/web2\\\/about-us\\\/donate\\\/#breadcrumb\",\"itemListElement\":[{\"@type\":\"ListItem\",\"position\":1,\"name\":\"Home\",\"item\":\"https:\\\/\\\/seedrioru.com\\\/web2\\\/\"},{\"@type\":\"ListItem\",\"position\":2,\"name\":\"About Us\",\"item\":\"https:\\\/\\\/seedrioru.com\\\/web2\\\/about-us\\\/\"},{\"@type\":\"ListItem\",\"position\":3,\"name\":\"Sponsors\"}]},{\"@type\":\"WebSite\",\"@id\":\"https:\\\/\\\/seedrioru.com\\\/web2\\\/#website\",\"url\":\"https:\\\/\\\/seedrioru.com\\\/web2\\\/\",\"name\":\"Seedrioru\",\"description\":\"Estonian Children&#039;s Summer Camp\",\"publisher\":{\"@id\":\"https:\\\/\\\/seedrioru.com\\\/web2\\\/#organization\"},\"potentialAction\":[{\"@type\":\"SearchAction\",\"target\":{\"@type\":\"EntryPoint\",\"urlTemplate\":\"https:\\\/\\\/seedrioru.com\\\/web2\\\/?s={search_term_string}\"},\"query-input\":{\"@type\":\"PropertyValueSpecification\",\"valueRequired\":true,\"valueName\":\"search_term_string\"}}],\"inLanguage\":\"en-US\"},{\"@type\":\"Organization\",\"@id\":\"https:\\\/\\\/seedrioru.com\\\/web2\\\/#organization\",\"name\":\"Seedrioru\",\"alternateName\":\"Seedrioru Estonian Childrens Camp\",\"url\":\"https:\\\/\\\/seedrioru.com\\\/web2\\\/\",\"logo\":{\"@type\":\"ImageObject\",\"inLanguage\":\"en-US\",\"@id\":\"https:\\\/\\\/seedrioru.com\\\/web2\\\/#\\\/schema\\\/logo\\\/image\\\/\",\"url\":\"https:\\\/\\\/i0.wp.com\\\/seedrioru.com\\\/web2\\\/wp-content\\\/uploads\\\/2022\\\/02\\\/Seedrioru-Logo-Med.png?fit=136%2C180&ssl=1\",\"contentUrl\":\"https:\\\/\\\/i0.wp.com\\\/seedrioru.com\\\/web2\\\/wp-content\\\/uploads\\\/2022\\\/02\\\/Seedrioru-Logo-Med.png?fit=136%2C180&ssl=1\",\"width\":136,\"height\":180,\"caption\":\"Seedrioru\"},\"image\":{\"@id\":\"https:\\\/\\\/seedrioru.com\\\/web2\\\/#\\\/schema\\\/logo\\\/image\\\/\"},\"sameAs\":[\"https:\\\/\\\/www.facebook.com\\\/Seedrioru\",\"https:\\\/\\\/www.instagram.com\\\/seedrioru\\\/\"]}]}<\/script>\n<!-- \/ Yoast SEO plugin. -->","yoast_head_json":{"title":"Donations & Sponsors","description":"Donors and How to Donate","robots":{"index":"index","follow":"follow","max-snippet":"max-snippet:-1","max-image-preview":"max-image-preview:large","max-video-preview":"max-video-preview:-1"},"canonical":"https:\/\/seedrioru.com\/web2\/about-us\/donate\/","og_locale":"en_US","og_type":"article","og_title":"Donations & Sponsors","og_description":"Donors and How to Donate","og_url":"https:\/\/seedrioru.com\/web2\/about-us\/donate\/","og_site_name":"Seedrioru","article_publisher":"https:\/\/www.facebook.com\/Seedrioru","article_modified_time":"2025-12-16T14:12:24+00:00","og_image":[{"url":"https:\/\/seedrioru.com\/web2\/wp-content\/uploads\/2025\/09\/EFC_ESK_HORIZ_COLOUR.png","type":"","width":"","height":""}],"twitter_card":"summary_large_image","twitter_misc":{"Est. reading time":"4 minutes"},"schema":{"@context":"https:\/\/schema.org","@graph":[{"@type":"WebPage","@id":"https:\/\/seedrioru.com\/web2\/about-us\/donate\/","url":"https:\/\/seedrioru.com\/web2\/about-us\/donate\/","name":"Donations & Sponsors","isPartOf":{"@id":"https:\/\/seedrioru.com\/web2\/#website"},"primaryImageOfPage":{"@id":"https:\/\/seedrioru.com\/web2\/about-us\/donate\/#primaryimage"},"image":{"@id":"https:\/\/seedrioru.com\/web2\/about-us\/donate\/#primaryimage"},"thumbnailUrl":"https:\/\/seedrioru.com\/web2\/wp-content\/uploads\/2025\/09\/EFC_ESK_HORIZ_COLOUR.png","datePublished":"2013-04-22T01:51:21+00:00","dateModified":"2025-12-16T14:12:24+00:00","description":"Donors and How to Donate","breadcrumb":{"@id":"https:\/\/seedrioru.com\/web2\/about-us\/donate\/#breadcrumb"},"inLanguage":"en-US","potentialAction":[{"@type":"ReadAction","target":["https:\/\/seedrioru.com\/web2\/about-us\/donate\/"]}]},{"@type":"ImageObject","inLanguage":"en-US","@id":"https:\/\/seedrioru.com\/web2\/about-us\/donate\/#primaryimage","url":"https:\/\/i0.wp.com\/seedrioru.com\/web2\/wp-content\/uploads\/2025\/09\/EFC_ESK_HORIZ_COLOUR.png?fit=1000%2C462&ssl=1","contentUrl":"https:\/\/i0.wp.com\/seedrioru.com\/web2\/wp-content\/uploads\/2025\/09\/EFC_ESK_HORIZ_COLOUR.png?fit=1000%2C462&ssl=1","width":1000,"height":462},{"@type":"BreadcrumbList","@id":"https:\/\/seedrioru.com\/web2\/about-us\/donate\/#breadcrumb","itemListElement":[{"@type":"ListItem","position":1,"name":"Home","item":"https:\/\/seedrioru.com\/web2\/"},{"@type":"ListItem","position":2,"name":"About Us","item":"https:\/\/seedrioru.com\/web2\/about-us\/"},{"@type":"ListItem","position":3,"name":"Sponsors"}]},{"@type":"WebSite","@id":"https:\/\/seedrioru.com\/web2\/#website","url":"https:\/\/seedrioru.com\/web2\/","name":"Seedrioru","description":"Estonian Children&#039;s Summer Camp","publisher":{"@id":"https:\/\/seedrioru.com\/web2\/#organization"},"potentialAction":[{"@type":"SearchAction","target":{"@type":"EntryPoint","urlTemplate":"https:\/\/seedrioru.com\/web2\/?s={search_term_string}"},"query-input":{"@type":"PropertyValueSpecification","valueRequired":true,"valueName":"search_term_string"}}],"inLanguage":"en-US"},{"@type":"Organization","@id":"https:\/\/seedrioru.com\/web2\/#organization","name":"Seedrioru","alternateName":"Seedrioru Estonian Childrens Camp","url":"https:\/\/seedrioru.com\/web2\/","logo":{"@type":"ImageObject","inLanguage":"en-US","@id":"https:\/\/seedrioru.com\/web2\/#\/schema\/logo\/image\/","url":"https:\/\/i0.wp.com\/seedrioru.com\/web2\/wp-content\/uploads\/2022\/02\/Seedrioru-Logo-Med.png?fit=136%2C180&ssl=1","contentUrl":"https:\/\/i0.wp.com\/seedrioru.com\/web2\/wp-content\/uploads\/2022\/02\/Seedrioru-Logo-Med.png?fit=136%2C180&ssl=1","width":136,"height":180,"caption":"Seedrioru"},"image":{"@id":"https:\/\/seedrioru.com\/web2\/#\/schema\/logo\/image\/"},"sameAs":["https:\/\/www.facebook.com\/Seedrioru","https:\/\/www.instagram.com\/seedrioru\/"]}]}},"jetpack_sharing_enabled":true,"_links":{"self":[{"href":"https:\/\/seedrioru.com\/web2\/wp-json\/wp\/v2\/pages\/212","targetHints":{"allow":["GET"]}}],"collection":[{"href":"https:\/\/seedrioru.com\/web2\/wp-json\/wp\/v2\/pages"}],"about":[{"href":"https:\/\/seedrioru.com\/web2\/wp-json\/wp\/v2\/types\/page"}],"author":[{"embeddable":true,"href":"https:\/\/seedrioru.com\/web2\/wp-json\/wp\/v2\/users\/1"}],"replies":[{"embeddable":true,"href":"https:\/\/seedrioru.com\/web2\/wp-json\/wp\/v2\/comments?post=212"}],"version-history":[{"count":5,"href":"https:\/\/seedrioru.com\/web2\/wp-json\/wp\/v2\/pages\/212\/revisions"}],"predecessor-version":[{"id":12388,"href":"https:\/\/seedrioru.com\/web2\/wp-json\/wp\/v2\/pages\/212\/revisions\/12388"}],"up":[{"embeddable":true,"href":"https:\/\/seedrioru.com\/web2\/wp-json\/wp\/v2\/pages\/294"}],"wp:attachment":[{"href":"https:\/\/seedrioru.com\/web2\/wp-json\/wp\/v2\/media?parent=212"}],"curies":[{"name":"wp","href":"https:\/\/api.w.org\/{rel}","templated":true}]}}