{"id":3082,"date":"2020-02-21T02:41:00","date_gmt":"2020-02-21T02:41:00","guid":{"rendered":"https:\/\/seedrioru.com\/web2\/?page_id=3082"},"modified":"2025-12-09T13:06:56","modified_gmt":"2025-12-09T18:06:56","slug":"home","status":"publish","type":"page","link":"https:\/\/seedrioru.com\/web2\/","title":{"rendered":"Home"},"content":{"rendered":"\n<p class=\"\"><strong><em>See English below&#8230;<\/em><\/strong><\/p>\n\n\n\n<div class=\"wp-block-columns is-layout-flex wp-container-core-columns-is-layout-9d6595d7 wp-block-columns-is-layout-flex\">\n<div class=\"wp-block-column is-layout-flow wp-block-column-is-layout-flow\">\n<h2 class=\"wp-block-heading has-text-align-left\"><strong>Seedrioru \u2014 Eesti kogukonna kodu Kanadas<\/strong><\/h2>\n\n\n\n<p class=\"\">Tere tulemast Seedriorusse \u2014 L\u00f5una-Ontariosse loodud kultuuri- ja kogukonnakeskusesse, mis on rajatud eestlaste poolt, eestlastele ja k\u00f5igile, kes hindavad meie p\u00e4randit. Kauni Grand Riveri \u00e4\u00e4res asuv Seedrioru on olnud juba aastak\u00fcmneid kohtumispaik \u2014 traditsioonide t\u00e4histamiseks, kogukonnatunde tugevdamiseks ja ruumi loomiseks, kus meie kultuur saab edasi kasvada.<\/p>\n\n\n\n<p class=\"\">Seedrioru ei ole ainult lastelaager. See on aastaringne sihtkoht kultuuri\u00fcritusteks, pidustusteks, kogukonnaprojektideks ning p\u00f5lvkondade\u00fcleseks \u00fchenduseks.<\/p>\n\n\n\n<h3 class=\"wp-block-heading\"><strong>\ud83c\uddea\ud83c\uddea<\/strong> <strong>Eesti kultuuri keskus<\/strong><\/h3>\n\n\n\n<p class=\"\">Seedrioru hoiab ja edendab eesti keelt, traditsioone ja kultuurip\u00e4randit. Alates \u00fclemaailmsetest laulupidudest ja rahvusp\u00fchade t\u00e4histamisest kuni kultuurit\u00f6\u00f6tubade ja \u00f5pitubadeni \u2014 hoiame Eesti vaimu Kanadas elavana.<\/p>\n\n\n\n<h3 class=\"wp-block-heading\"><strong>\ud83e\udd1d Kogukonna kohtumispaik<\/strong><\/h3>\n\n\n\n<p class=\"\">Seedrioru toob kokku inimesed \u2014 pered, noored, seeniorid, vabatahtlikud ja uustulnukad. \u00dcrituste, \u00fchisprojektide ja pidustuste kaudu tugevdame \u00fchtekuuluvustunnet ning toetame elavat ja tugevatoimelist Eesti kogukonda v\u00e4ljaspool kodumaad.<\/p>\n\n\n\n<h3 class=\"wp-block-heading\"><strong>\ud83c\udf3f Rahulik puhkepaik looduses<\/strong><\/h3>\n\n\n\n<p class=\"\">Metsade, avarate v\u00e4ljade, j\u00f5e\u00e4\u00e4rsete alade, matkaradade ja rahuliku atmosf\u00e4\u00e4riga Seedrioru pakub v\u00f5imalust puhata, loodusega taas\u00fchenduda ja lihtsalt olla. K\u00fclastajad saavad matkata, piknikku pidada, osaleda kogukonna\u00fcritustel v\u00f5i nautida \u00fcmbruskonna ilu.<\/p>\n\n\n\n<h3 class=\"wp-block-heading\"><strong>\ud83c\udf1e Programmid ja \u00fcritused k\u00f5igile vanustele<\/strong><\/h3>\n\n\n\n<p class=\"\">Kuigi Seedrioru on tuntud armastatud lastesuvelaagri poolest, ulatub tegevus kaugele \u00fcle suvekuude. Aastaringi toimuvad:<\/p>\n\n\n\n<ul class=\"wp-block-list\">\n<li class=\"\">Jaanip\u00e4eva pidustused (Suvihari)<\/li>\n\n\n\n<li class=\"\">Kogukonna talgud<\/li>\n\n\n\n<li class=\"\">Kultuurifestivalid (laulup\u00e4evad)<\/li>\n\n\n\n<li class=\"\">P\u00fchadeaegsed kogunemised (munajaht, \u00fchised einepeod)<\/li>\n\n\n\n<li class=\"\">Looduse ja p\u00e4rimuse t\u00f6\u00f6toad<\/li>\n\n\n\n<li class=\"\">Noorte- ja peren\u00e4dalal\u00f5ppud&nbsp;<\/li>\n<\/ul>\n\n\n\n<h3 class=\"wp-block-heading\"><strong>\ud83d\udc99 Kogukonna loodud ja kogukonna hoitud<\/strong><\/h3>\n\n\n\n<p class=\"\">Seedrioru eluj\u00f5ud tuleb vabatahtlike, toetajate ja perede p\u00fchendumusest \u2014 neist, kes usuvad Eesti kultuuri hoidmisse tulevaste p\u00f5lvede jaoks. Kaasa saab l\u00fc\u00fca mitmel moel: vabatahtlikuna, \u00fcritustel osaledes, arendusprojekte toetades v\u00f5i lihtsalt Seedrioru perega liitudes.<\/p>\n\n\n\n<hr class=\"wp-block-separator has-alpha-channel-opacity\"\/>\n\n\n\n<h2 class=\"wp-block-heading\"><strong><em>Seedrioru \u2014 A Home for the Estonian Community in Canada<\/em><\/strong><\/h2>\n\n\n\n<p class=\"\"><em>Welcome to <strong>Seedrioru<\/strong>, a cultural and community haven in southern Ontario built by Estonians, for Estonians, and for all who appreciate our heritage. Located along the scenic Grand River, Seedrioru has served as a gathering place for decades\u2014celebrating traditions, strengthening community ties, and creating a space where our culture continues to grow.<\/em><\/p>\n\n\n\n<p class=\"\"><em>Seedrioru is more than a summer camp. It is a year-round destination for cultural events, celebrations, community initiatives, and connection across generations.<\/em><\/p>\n\n\n\n<h3 class=\"wp-block-heading\"><strong><em>\ud83c\uddea\ud83c\uddea A Centre for Estonian Culture<\/em><\/strong><\/h3>\n\n\n\n<p class=\"\"><em>Seedrioru preserves and promotes Estonian language, traditions, and heritage. From world-wide song festivals to national holiday celebrations, and cultural workshops, we keep the spirit of Eesti alive in Canada.<\/em><\/p>\n\n\n\n<h3 class=\"wp-block-heading\"><strong><em>\ud83e\udd1d A Community Gathering Place<\/em><\/strong><\/h3>\n\n\n\n<p class=\"\"><em>Seedrioru brings people together\u2014families, young adults, seniors, volunteers, and newcomers. Through events, shared projects, and celebrations, it strengthens our sense of belonging and supports a vibrant Estonian community abroad.<\/em><\/p>\n\n\n\n<h3 class=\"wp-block-heading\"><strong><em>\ud83c\udf3f A Retreat in Nature<\/em><\/strong><\/h3>\n\n\n\n<p class=\"\"><em>With its forests, open fields, river access, trails, and peaceful setting, Seedrioru offers a place to relax, reconnect, and enjoy nature. Visitors can hike, picnic, attend community gatherings, or simply enjoy the beauty of the landscape.<\/em><\/p>\n\n\n\n<h3 class=\"wp-block-heading\"><strong><em>\ud83c\udf1e Programs &amp; Events for All Ages<\/em><\/strong><\/h3>\n\n\n\n<p class=\"\"><em>While Seedrioru is known for its beloved children&#8217;s summer camp, its activities extend far beyond the summer months. Annual events include:<\/em><\/p>\n\n\n\n<ul class=\"wp-block-list\">\n<li class=\"\"><em>Jaanip\u00e4ev celebrations (Suvihari)<\/em><\/li>\n\n\n\n<li class=\"\"><em>Community work days (talgud)<\/em><\/li>\n\n\n\n<li class=\"\"><em>Cultural festivals (laulup\u00e4evad)<\/em><\/li>\n\n\n\n<li class=\"\"><em>Holiday gatherings (Easter Egg Hunts and community potlucks)<\/em><\/li>\n\n\n\n<li class=\"\"><em>Nature and heritage workshops<\/em><\/li>\n\n\n\n<li class=\"\"><em>Youth and family weekends<\/em><\/li>\n<\/ul>\n\n\n\n<h3 class=\"wp-block-heading\"><strong><em>\ud83d\udc99 Built by Community, Sustained by Community<\/em><\/strong><\/h3>\n\n\n\n<p class=\"\"><em>Seedrioru thrives through the dedication of volunteers, supporters, and families who believe in preserving Estonian culture for future generations. There are many ways to get involved\u2014volunteering, participating in events, supporting development projects, or becoming part of the Seedrioru family.<\/em><\/p>\n\n\n\n<div class=\"is-style-rectangular wp-block-jetpack-tiled-gallery aligncenter is-style-rectangular\"><div class=\"\"><div class=\"tiled-gallery__gallery\"><div class=\"tiled-gallery__row\"><div class=\"tiled-gallery__col\" style=\"flex-basis:100.00000%\"><figure class=\"tiled-gallery__item\"><img decoding=\"async\" srcset=\"https:\/\/i0.wp.com\/seedrioru.com\/web2\/wp-content\/uploads\/2022\/09\/294490720_2226545414185984_6464652423509458_n-1024x768.jpg?strip=info&#038;w=600&#038;ssl=1 600w,https:\/\/i0.wp.com\/seedrioru.com\/web2\/wp-content\/uploads\/2022\/09\/294490720_2226545414185984_6464652423509458_n-1024x768.jpg?strip=info&#038;w=900&#038;ssl=1 900w,https:\/\/i0.wp.com\/seedrioru.com\/web2\/wp-content\/uploads\/2022\/09\/294490720_2226545414185984_6464652423509458_n-1024x768.jpg?strip=info&#038;w=1200&#038;ssl=1 1200w,https:\/\/i0.wp.com\/seedrioru.com\/web2\/wp-content\/uploads\/2022\/09\/294490720_2226545414185984_6464652423509458_n-1024x768.jpg?strip=info&#038;w=1242&#038;ssl=1 1242w\" alt=\"\" data-height=\"932\" data-id=\"5930\" data-link=\"https:\/\/seedrioru.com\/web2\/home\/294490720_2226545414185984_6464652423509458_n\/\" data-url=\"https:\/\/seedrioru.com\/web2\/wp-content\/uploads\/2022\/09\/294490720_2226545414185984_6464652423509458_n-1024x768.jpg\" data-width=\"1242\" src=\"https:\/\/i0.wp.com\/seedrioru.com\/web2\/wp-content\/uploads\/2022\/09\/294490720_2226545414185984_6464652423509458_n-1024x768.jpg?ssl=1\" data-amp-layout=\"responsive\"\/><\/figure><\/div><\/div><\/div><\/div><\/div>\n<\/div>\n<\/div>\n\n\n\nngg_shortcode_0_placeholder\n\n\n\n<div style=\"height:16px\" aria-hidden=\"true\" class=\"wp-block-spacer\"><\/div>\n\n\n\n<hr class=\"wp-block-separator has-css-opacity\"\/>\n\n\n\n<div class=\"wp-block-columns is-layout-flex wp-container-core-columns-is-layout-9d6595d7 wp-block-columns-is-layout-flex\">\n<div class=\"wp-block-column is-layout-flow wp-block-column-is-layout-flow\" style=\"flex-basis:37%\"><\/div>\n\n\n\n<div class=\"wp-block-column is-layout-flow wp-block-column-is-layout-flow\" style=\"flex-basis:63%\"><\/div>\n<\/div>\n","protected":false},"excerpt":{"rendered":"<p>See English below&#8230; Seedrioru \u2014 Eesti kogukonna kodu Kanadas Tere tulemast Seedriorusse \u2014 L\u00f5una-Ontariosse loodud kultuuri- ja kogukonnakeskusesse, mis on rajatud eestlaste poolt, eestlastele ja k\u00f5igile, kes hindavad meie p\u00e4randit. Kauni Grand Riveri \u00e4\u00e4res asuv Seedrioru on olnud juba aastak\u00fcmneid kohtumispaik \u2014 traditsioonide t\u00e4histamiseks, kogukonnatunde tugevdamiseks ja ruumi loomiseks, kus meie kultuur saab edasi kasvada&#8230;.<a class=\"read-more-link button\" href=\"https:\/\/seedrioru.com\/web2\/\">Read more<\/a><\/p>\n","protected":false},"author":1,"featured_media":0,"parent":0,"menu_order":0,"comment_status":"closed","ping_status":"closed","template":"","meta":{"nf_dc_page":"","ngg_post_thumbnail":0,"_mc_calendar":[],"footnotes":""},"class_list":["post-3082","page","type-page","status-publish","hentry"],"yoast_head":"<!-- This site is optimized with the Yoast SEO plugin v27.4 - https:\/\/yoast.com\/product\/yoast-seo-wordpress\/ -->\n<title>Home<\/title>\n<meta name=\"description\" content=\"Information about Seedrioru Estonian Children&#039;s Summer Camp\" \/>\n<meta name=\"robots\" content=\"index, follow, max-snippet:-1, max-image-preview:large, max-video-preview:-1\" \/>\n<link rel=\"canonical\" href=\"https:\/\/seedrioru.com\/web2\/\" \/>\n<meta property=\"og:locale\" content=\"en_US\" \/>\n<meta property=\"og:type\" content=\"article\" \/>\n<meta property=\"og:title\" content=\"Home\" \/>\n<meta property=\"og:description\" content=\"Information about Seedrioru Estonian Children&#039;s Summer Camp\" \/>\n<meta property=\"og:url\" content=\"https:\/\/seedrioru.com\/web2\/\" \/>\n<meta property=\"og:site_name\" content=\"Seedrioru\" \/>\n<meta property=\"article:publisher\" content=\"https:\/\/www.facebook.com\/Seedrioru\" \/>\n<meta property=\"article:modified_time\" content=\"2025-12-09T18:06:56+00:00\" \/>\n<meta property=\"og:image\" content=\"https:\/\/i0.wp.com\/seedrioru.com\/web2\/wp-content\/uploads\/2022\/09\/294490720_2226545414185984_6464652423509458_n-1024x768.jpg?ssl=1\" \/>\n<meta name=\"twitter:card\" content=\"summary_large_image\" \/>\n<meta name=\"twitter:label1\" content=\"Est. reading time\" \/>\n\t<meta name=\"twitter:data1\" content=\"3 minutes\" \/>\n<script type=\"application\/ld+json\" class=\"yoast-schema-graph\">{\"@context\":\"https:\\\/\\\/schema.org\",\"@graph\":[{\"@type\":\"WebPage\",\"@id\":\"https:\\\/\\\/seedrioru.com\\\/web2\\\/\",\"url\":\"https:\\\/\\\/seedrioru.com\\\/web2\\\/\",\"name\":\"Home\",\"isPartOf\":{\"@id\":\"https:\\\/\\\/seedrioru.com\\\/web2\\\/#website\"},\"primaryImageOfPage\":{\"@id\":\"https:\\\/\\\/seedrioru.com\\\/web2\\\/#primaryimage\"},\"image\":{\"@id\":\"https:\\\/\\\/seedrioru.com\\\/web2\\\/#primaryimage\"},\"thumbnailUrl\":\"https:\\\/\\\/i0.wp.com\\\/seedrioru.com\\\/web2\\\/wp-content\\\/uploads\\\/2022\\\/09\\\/294490720_2226545414185984_6464652423509458_n-1024x768.jpg?ssl=1\",\"datePublished\":\"2020-02-21T02:41:00+00:00\",\"dateModified\":\"2025-12-09T18:06:56+00:00\",\"description\":\"Information about Seedrioru Estonian Children's Summer Camp\",\"breadcrumb\":{\"@id\":\"https:\\\/\\\/seedrioru.com\\\/web2\\\/#breadcrumb\"},\"inLanguage\":\"en-US\",\"potentialAction\":[{\"@type\":\"ReadAction\",\"target\":[\"https:\\\/\\\/seedrioru.com\\\/web2\\\/\"]}]},{\"@type\":\"ImageObject\",\"inLanguage\":\"en-US\",\"@id\":\"https:\\\/\\\/seedrioru.com\\\/web2\\\/#primaryimage\",\"url\":\"https:\\\/\\\/i0.wp.com\\\/seedrioru.com\\\/web2\\\/wp-content\\\/uploads\\\/2022\\\/09\\\/294490720_2226545414185984_6464652423509458_n-1024x768.jpg?ssl=1\",\"contentUrl\":\"https:\\\/\\\/i0.wp.com\\\/seedrioru.com\\\/web2\\\/wp-content\\\/uploads\\\/2022\\\/09\\\/294490720_2226545414185984_6464652423509458_n-1024x768.jpg?ssl=1\"},{\"@type\":\"BreadcrumbList\",\"@id\":\"https:\\\/\\\/seedrioru.com\\\/web2\\\/#breadcrumb\",\"itemListElement\":[{\"@type\":\"ListItem\",\"position\":1,\"name\":\"Home\",\"item\":\"https:\\\/\\\/seedrioru.com\\\/web2\\\/\"},{\"@type\":\"ListItem\",\"position\":2,\"name\":\"Home\"}]},{\"@type\":\"WebSite\",\"@id\":\"https:\\\/\\\/seedrioru.com\\\/web2\\\/#website\",\"url\":\"https:\\\/\\\/seedrioru.com\\\/web2\\\/\",\"name\":\"Seedrioru\",\"description\":\"Estonian Children&#039;s Summer Camp\",\"publisher\":{\"@id\":\"https:\\\/\\\/seedrioru.com\\\/web2\\\/#organization\"},\"potentialAction\":[{\"@type\":\"SearchAction\",\"target\":{\"@type\":\"EntryPoint\",\"urlTemplate\":\"https:\\\/\\\/seedrioru.com\\\/web2\\\/?s={search_term_string}\"},\"query-input\":{\"@type\":\"PropertyValueSpecification\",\"valueRequired\":true,\"valueName\":\"search_term_string\"}}],\"inLanguage\":\"en-US\"},{\"@type\":\"Organization\",\"@id\":\"https:\\\/\\\/seedrioru.com\\\/web2\\\/#organization\",\"name\":\"Seedrioru\",\"alternateName\":\"Seedrioru Estonian Childrens Camp\",\"url\":\"https:\\\/\\\/seedrioru.com\\\/web2\\\/\",\"logo\":{\"@type\":\"ImageObject\",\"inLanguage\":\"en-US\",\"@id\":\"https:\\\/\\\/seedrioru.com\\\/web2\\\/#\\\/schema\\\/logo\\\/image\\\/\",\"url\":\"https:\\\/\\\/i0.wp.com\\\/seedrioru.com\\\/web2\\\/wp-content\\\/uploads\\\/2022\\\/02\\\/Seedrioru-Logo-Med.png?fit=136%2C180&ssl=1\",\"contentUrl\":\"https:\\\/\\\/i0.wp.com\\\/seedrioru.com\\\/web2\\\/wp-content\\\/uploads\\\/2022\\\/02\\\/Seedrioru-Logo-Med.png?fit=136%2C180&ssl=1\",\"width\":136,\"height\":180,\"caption\":\"Seedrioru\"},\"image\":{\"@id\":\"https:\\\/\\\/seedrioru.com\\\/web2\\\/#\\\/schema\\\/logo\\\/image\\\/\"},\"sameAs\":[\"https:\\\/\\\/www.facebook.com\\\/Seedrioru\",\"https:\\\/\\\/www.instagram.com\\\/seedrioru\\\/\"]}]}<\/script>\n<!-- \/ Yoast SEO plugin. -->","yoast_head_json":{"title":"Home","description":"Information about Seedrioru Estonian Children's Summer Camp","robots":{"index":"index","follow":"follow","max-snippet":"max-snippet:-1","max-image-preview":"max-image-preview:large","max-video-preview":"max-video-preview:-1"},"canonical":"https:\/\/seedrioru.com\/web2\/","og_locale":"en_US","og_type":"article","og_title":"Home","og_description":"Information about Seedrioru Estonian Children's Summer Camp","og_url":"https:\/\/seedrioru.com\/web2\/","og_site_name":"Seedrioru","article_publisher":"https:\/\/www.facebook.com\/Seedrioru","article_modified_time":"2025-12-09T18:06:56+00:00","og_image":[{"url":"https:\/\/i0.wp.com\/seedrioru.com\/web2\/wp-content\/uploads\/2022\/09\/294490720_2226545414185984_6464652423509458_n-1024x768.jpg?ssl=1","type":"","width":"","height":""}],"twitter_card":"summary_large_image","twitter_misc":{"Est. reading time":"3 minutes"},"schema":{"@context":"https:\/\/schema.org","@graph":[{"@type":"WebPage","@id":"https:\/\/seedrioru.com\/web2\/","url":"https:\/\/seedrioru.com\/web2\/","name":"Home","isPartOf":{"@id":"https:\/\/seedrioru.com\/web2\/#website"},"primaryImageOfPage":{"@id":"https:\/\/seedrioru.com\/web2\/#primaryimage"},"image":{"@id":"https:\/\/seedrioru.com\/web2\/#primaryimage"},"thumbnailUrl":"https:\/\/i0.wp.com\/seedrioru.com\/web2\/wp-content\/uploads\/2022\/09\/294490720_2226545414185984_6464652423509458_n-1024x768.jpg?ssl=1","datePublished":"2020-02-21T02:41:00+00:00","dateModified":"2025-12-09T18:06:56+00:00","description":"Information about Seedrioru Estonian Children's Summer Camp","breadcrumb":{"@id":"https:\/\/seedrioru.com\/web2\/#breadcrumb"},"inLanguage":"en-US","potentialAction":[{"@type":"ReadAction","target":["https:\/\/seedrioru.com\/web2\/"]}]},{"@type":"ImageObject","inLanguage":"en-US","@id":"https:\/\/seedrioru.com\/web2\/#primaryimage","url":"https:\/\/i0.wp.com\/seedrioru.com\/web2\/wp-content\/uploads\/2022\/09\/294490720_2226545414185984_6464652423509458_n-1024x768.jpg?ssl=1","contentUrl":"https:\/\/i0.wp.com\/seedrioru.com\/web2\/wp-content\/uploads\/2022\/09\/294490720_2226545414185984_6464652423509458_n-1024x768.jpg?ssl=1"},{"@type":"BreadcrumbList","@id":"https:\/\/seedrioru.com\/web2\/#breadcrumb","itemListElement":[{"@type":"ListItem","position":1,"name":"Home","item":"https:\/\/seedrioru.com\/web2\/"},{"@type":"ListItem","position":2,"name":"Home"}]},{"@type":"WebSite","@id":"https:\/\/seedrioru.com\/web2\/#website","url":"https:\/\/seedrioru.com\/web2\/","name":"Seedrioru","description":"Estonian Children&#039;s Summer Camp","publisher":{"@id":"https:\/\/seedrioru.com\/web2\/#organization"},"potentialAction":[{"@type":"SearchAction","target":{"@type":"EntryPoint","urlTemplate":"https:\/\/seedrioru.com\/web2\/?s={search_term_string}"},"query-input":{"@type":"PropertyValueSpecification","valueRequired":true,"valueName":"search_term_string"}}],"inLanguage":"en-US"},{"@type":"Organization","@id":"https:\/\/seedrioru.com\/web2\/#organization","name":"Seedrioru","alternateName":"Seedrioru Estonian Childrens Camp","url":"https:\/\/seedrioru.com\/web2\/","logo":{"@type":"ImageObject","inLanguage":"en-US","@id":"https:\/\/seedrioru.com\/web2\/#\/schema\/logo\/image\/","url":"https:\/\/i0.wp.com\/seedrioru.com\/web2\/wp-content\/uploads\/2022\/02\/Seedrioru-Logo-Med.png?fit=136%2C180&ssl=1","contentUrl":"https:\/\/i0.wp.com\/seedrioru.com\/web2\/wp-content\/uploads\/2022\/02\/Seedrioru-Logo-Med.png?fit=136%2C180&ssl=1","width":136,"height":180,"caption":"Seedrioru"},"image":{"@id":"https:\/\/seedrioru.com\/web2\/#\/schema\/logo\/image\/"},"sameAs":["https:\/\/www.facebook.com\/Seedrioru","https:\/\/www.instagram.com\/seedrioru\/"]}]}},"jetpack_sharing_enabled":true,"_links":{"self":[{"href":"https:\/\/seedrioru.com\/web2\/wp-json\/wp\/v2\/pages\/3082","targetHints":{"allow":["GET"]}}],"collection":[{"href":"https:\/\/seedrioru.com\/web2\/wp-json\/wp\/v2\/pages"}],"about":[{"href":"https:\/\/seedrioru.com\/web2\/wp-json\/wp\/v2\/types\/page"}],"author":[{"embeddable":true,"href":"https:\/\/seedrioru.com\/web2\/wp-json\/wp\/v2\/users\/1"}],"replies":[{"embeddable":true,"href":"https:\/\/seedrioru.com\/web2\/wp-json\/wp\/v2\/comments?post=3082"}],"version-history":[{"count":5,"href":"https:\/\/seedrioru.com\/web2\/wp-json\/wp\/v2\/pages\/3082\/revisions"}],"predecessor-version":[{"id":12311,"href":"https:\/\/seedrioru.com\/web2\/wp-json\/wp\/v2\/pages\/3082\/revisions\/12311"}],"wp:attachment":[{"href":"https:\/\/seedrioru.com\/web2\/wp-json\/wp\/v2\/media?parent=3082"}],"curies":[{"name":"wp","href":"https:\/\/api.w.org\/{rel}","templated":true}]}}