{"id":3187,"date":"2020-01-21T21:13:19","date_gmt":"2020-01-21T21:13:19","guid":{"rendered":"https:\/\/seedrioru.com\/web2?page_id=3187"},"modified":"2026-04-17T07:44:23","modified_gmt":"2026-04-17T11:44:23","slug":"annetused-ja-toetajad","status":"publish","type":"page","link":"https:\/\/seedrioru.com\/web2\/about-us-2\/annetused-ja-toetajad\/","title":{"rendered":"Anneta | Donate"},"content":{"rendered":"\n<h2 class=\"wp-block-heading\"><strong>Toeta Seedriorut | <em>Support Seedrioru<\/em><\/strong><\/h2>\n\n\n\n<p class=\"\"><strong>Seedrioru<\/strong> \u00f5itseb t\u00e4nu oma kogukonnale. Juba \u00fcle 70 aasta on Hamiltoni, Kitcheneri, Londoni ja St. Catharinesi Eesti Seltside liikmed loonud ja hoidnud kaunist 60-aakrilist pelgupaika L\u00f5una-Ontarios\u2014paika, kus lapsed saavad s\u00fcvendada oma sidet eesti kultuuri, p\u00e4randi ja keelega ning luua suvelaagris m\u00e4lestusi, mis kestavad terve elu.<\/p>\n\n\n\n<p class=\"\">Palume Teil kaaluda Seedrioru toetamist. Iga panus\u2014suur v\u00f5i v\u00e4ike\u2014aitab stabiliseerida meie tegevust, kaitsta laagrihooaega ning tagada, et Seedrioru saab ka edaspidi teenida lapsi ja hoida elus eesti kultuuri ka tulevastele p\u00f5lvedele. Teie toetus avaldab m\u00e4rkimisv\u00e4\u00e4rset ja kohest m\u00f5ju.<\/p>\n\n\n\n<p class=\"\">Annetusi saab teha e-\u00fclekandega aadressile <a href=\"mailto:treasurer@seedrioru.com\">treasurer@seedrioru.com<\/a> .<\/p>\n\n\n\n<hr class=\"wp-block-separator has-alpha-channel-opacity\"\/>\n\n\n\n<p class=\"\"><em><strong>Seedrioru<\/strong> thrives because of its community. For over 70 years, members of the Hamilton, Kitchener, London, and St. Catharines Estonian Societies have built and sustained a beautiful 60-acre haven in Southern Ontario\u2014one where children connect with Estonian culture, heritage, and language, and create memories that last a lifetime through summer camp.<\/em><\/p>\n\n\n\n<p class=\"\"><em>We invite you to consider supporting Seedrioru. Every contribution\u2014large or small\u2014helps stabilize operations, protect our camp season, and ensure that Seedrioru can continue serving children and preserving Estonian culture for generations to come. Your support will make a meaningful and immediate difference.<\/em><\/p>\n\n\n\n<p class=\"\"><em>Donations can be sent by e-transfer to <a href=\"mailto:treasurer@seedrioru.com\">treasurer@seedrioru.com<\/a> .<\/em><\/p>\n\n\n\n<hr class=\"wp-block-separator has-alpha-channel-opacity\"\/>\n\n\n\n<h2 class=\"wp-block-heading\"><strong>Eesti Sihtkapital Kanadas | <em>Estonian Foundation of Canada<\/em><\/strong><\/h2>\n\n\n\n<figure class=\"wp-block-image size-full\"><img loading=\"lazy\" decoding=\"async\" width=\"1000\" height=\"462\" src=\"https:\/\/i0.wp.com\/seedrioru.com\/web2\/wp-content\/uploads\/2026\/04\/EFC_ESK_HORIZ_COLOUR.png?fit=1000%2C462&amp;ssl=1\" alt=\"\" class=\"wp-image-12448\" srcset=\"https:\/\/i0.wp.com\/seedrioru.com\/web2\/wp-content\/uploads\/2026\/04\/EFC_ESK_HORIZ_COLOUR.png?w=1000&amp;ssl=1 1000w, https:\/\/i0.wp.com\/seedrioru.com\/web2\/wp-content\/uploads\/2026\/04\/EFC_ESK_HORIZ_COLOUR.png?resize=300%2C139&amp;ssl=1 300w, https:\/\/i0.wp.com\/seedrioru.com\/web2\/wp-content\/uploads\/2026\/04\/EFC_ESK_HORIZ_COLOUR.png?resize=768%2C355&amp;ssl=1 768w, https:\/\/i0.wp.com\/seedrioru.com\/web2\/wp-content\/uploads\/2026\/04\/EFC_ESK_HORIZ_COLOUR.png?resize=20%2C9&amp;ssl=1 20w, https:\/\/i0.wp.com\/seedrioru.com\/web2\/wp-content\/uploads\/2026\/04\/EFC_ESK_HORIZ_COLOUR.png?resize=36%2C17&amp;ssl=1 36w, https:\/\/i0.wp.com\/seedrioru.com\/web2\/wp-content\/uploads\/2026\/04\/EFC_ESK_HORIZ_COLOUR.png?resize=48%2C22&amp;ssl=1 48w, https:\/\/i0.wp.com\/seedrioru.com\/web2\/wp-content\/uploads\/2026\/04\/EFC_ESK_HORIZ_COLOUR.png?resize=600%2C277&amp;ssl=1 600w\" sizes=\"auto, (max-width: 1000px) 100vw, 1000px\" \/><\/figure>\n\n\n\n<p class=\"\"><strong>Seedrioru peamise ja pikaajalise toetajana<\/strong> aitab <strong><a href=\"https:\/\/estonianfoundation.ca\/\" type=\"link\" id=\"https:\/\/estonianfoundation.ca\/\">Eesti Sihtkapital Kanadas (ESK)<\/a><\/strong> edendada eesti kultuuri, p\u00e4randit ja keelt noorte seas, kes osalevad Seedrioru suvelaagris ning lahkuvad sealt elukestvate m\u00e4lestustega.<\/p>\n\n\n\n<p class=\"\">Et aidata ESK-l j\u00e4tkuvalt toetada Kanada eestlaste huvi ning hoida meie suvelaager noortele peredele k\u00e4ttesaadavana, kutsume Teid \u00fcles kaaluma <strong>maksusoodustusega annetuse<\/strong> tegemist ESK kaudu Seedrioru lastesuvekodu laagri toetuseks. <strong>Palume annetada tihti ja heldelt<\/strong>.<\/p>\n\n\n\n<p class=\"\">Toetusi v\u00f5ib saata otse <a href=\"https:\/\/estonianfoundation.ca\/\" type=\"link\" id=\"https:\/\/estonianfoundation.ca\/\">ESK<\/a> veebilehe kaudu v\u00f5i v\u00f5ttes \u00fchendust kontoriga telefonil 416-465-5600 v\u00f5i e-posti teel: <a href=\"mailto:info@estonianfoundation.ca\">info@estonianfoundation.ca<\/a> .<\/p>\n\n\n\n<hr class=\"wp-block-separator has-alpha-channel-opacity\"\/>\n\n\n\n<p class=\"\"><em>As <strong>the major, long-term supporter of Seedrioru<\/strong>, the <strong><a href=\"https:\/\/estonianfoundation.ca\/\" type=\"link\" id=\"https:\/\/estonianfoundation.ca\/\">Estonian Foundation of Canada (EFC)<\/a><\/strong> helps advance Estonian culture, heritage, and language for the youth who attend Seedrioru Summer Camp and leave with lifelong memories.<\/em><\/p>\n\n\n\n<p class=\"\"><em>To help the EFC continue supporting the interests of Estonian Canadians\u2014and to keep our summer camp accessible for young families\u2014we encourage you to consider making <strong>tax-deductible donations<\/strong> through the EFC in support of Seedrioru Children&#8217;s Summer Camp. <strong>Please give often and give generously<\/strong>. Donation can be made to <a href=\"https:\/\/estonianfoundation.ca\/\" type=\"link\" id=\"https:\/\/estonianfoundation.ca\/\">EFC<\/a> online or by contacting their office at 416-465-5600 or <a href=\"mailto:info@estonianfoundation.ca\">info@estonianfoundation.ca<\/a><\/em>.<\/p>\n\n\n\n<p class=\"\"><\/p>\n","protected":false},"excerpt":{"rendered":"<p>Toeta Seedriorut | Support Seedrioru Seedrioru \u00f5itseb t\u00e4nu oma kogukonnale. Juba \u00fcle 70 aasta on Hamiltoni, Kitcheneri, Londoni ja St. Catharinesi Eesti Seltside liikmed loonud ja hoidnud kaunist 60-aakrilist pelgupaika L\u00f5una-Ontarios\u2014paika, kus lapsed saavad s\u00fcvendada oma sidet eesti kultuuri, p\u00e4randi ja keelega ning luua suvelaagris m\u00e4lestusi, mis kestavad terve elu. Palume Teil kaaluda Seedrioru toetamist&#8230;.<a class=\"read-more-link button\" href=\"https:\/\/seedrioru.com\/web2\/about-us-2\/annetused-ja-toetajad\/\">Read more<\/a><\/p>\n","protected":false},"author":6,"featured_media":0,"parent":3212,"menu_order":0,"comment_status":"closed","ping_status":"closed","template":"","meta":{"nf_dc_page":"","ngg_post_thumbnail":0,"_mc_calendar":[],"footnotes":""},"class_list":["post-3187","page","type-page","status-publish","hentry"],"yoast_head":"<!-- This site is optimized with the Yoast SEO plugin v27.4 - https:\/\/yoast.com\/product\/yoast-seo-wordpress\/ -->\n<title>Annetused ja Toetajad<\/title>\n<meta name=\"robots\" content=\"index, follow, max-snippet:-1, max-image-preview:large, max-video-preview:-1\" \/>\n<link rel=\"canonical\" href=\"https:\/\/seedrioru.com\/web2\/about-us-2\/annetused-ja-toetajad\/\" \/>\n<meta property=\"og:locale\" content=\"en_US\" \/>\n<meta property=\"og:type\" content=\"article\" \/>\n<meta property=\"og:title\" content=\"Annetused ja Toetajad\" \/>\n<meta property=\"og:description\" content=\"Toeta Seedriorut | Support Seedrioru Seedrioru \u00f5itseb t\u00e4nu oma kogukonnale. Juba \u00fcle 70 aasta on Hamiltoni, Kitcheneri, Londoni ja St. Catharinesi Eesti Seltside liikmed loonud ja hoidnud kaunist 60-aakrilist pelgupaika L\u00f5una-Ontarios\u2014paika, kus lapsed saavad s\u00fcvendada oma sidet eesti kultuuri, p\u00e4randi ja keelega ning luua suvelaagris m\u00e4lestusi, mis kestavad terve elu. Palume Teil kaaluda Seedrioru toetamist....Read more\" \/>\n<meta property=\"og:url\" content=\"https:\/\/seedrioru.com\/web2\/about-us-2\/annetused-ja-toetajad\/\" \/>\n<meta property=\"og:site_name\" content=\"Seedrioru\" \/>\n<meta property=\"article:publisher\" content=\"https:\/\/www.facebook.com\/Seedrioru\" \/>\n<meta property=\"article:modified_time\" content=\"2026-04-17T11:44:23+00:00\" \/>\n<meta property=\"og:image\" content=\"https:\/\/i0.wp.com\/seedrioru.com\/web2\/wp-content\/uploads\/2026\/04\/EFC_ESK_HORIZ_COLOUR.png?fit=1000%2C462&ssl=1\" \/>\n\t<meta property=\"og:image:width\" content=\"1000\" \/>\n\t<meta property=\"og:image:height\" content=\"462\" \/>\n\t<meta property=\"og:image:type\" content=\"image\/png\" \/>\n<meta name=\"twitter:card\" content=\"summary_large_image\" \/>\n<meta name=\"twitter:label1\" content=\"Est. reading time\" \/>\n\t<meta name=\"twitter:data1\" content=\"2 minutes\" \/>\n<script type=\"application\/ld+json\" class=\"yoast-schema-graph\">{\"@context\":\"https:\\\/\\\/schema.org\",\"@graph\":[{\"@type\":\"WebPage\",\"@id\":\"https:\\\/\\\/seedrioru.com\\\/web2\\\/about-us-2\\\/annetused-ja-toetajad\\\/\",\"url\":\"https:\\\/\\\/seedrioru.com\\\/web2\\\/about-us-2\\\/annetused-ja-toetajad\\\/\",\"name\":\"Annetused ja Toetajad\",\"isPartOf\":{\"@id\":\"https:\\\/\\\/seedrioru.com\\\/web2\\\/#website\"},\"primaryImageOfPage\":{\"@id\":\"https:\\\/\\\/seedrioru.com\\\/web2\\\/about-us-2\\\/annetused-ja-toetajad\\\/#primaryimage\"},\"image\":{\"@id\":\"https:\\\/\\\/seedrioru.com\\\/web2\\\/about-us-2\\\/annetused-ja-toetajad\\\/#primaryimage\"},\"thumbnailUrl\":\"https:\\\/\\\/i0.wp.com\\\/seedrioru.com\\\/web2\\\/wp-content\\\/uploads\\\/2026\\\/04\\\/EFC_ESK_HORIZ_COLOUR.png?fit=1000%2C462&amp;ssl=1\",\"datePublished\":\"2020-01-21T21:13:19+00:00\",\"dateModified\":\"2026-04-17T11:44:23+00:00\",\"breadcrumb\":{\"@id\":\"https:\\\/\\\/seedrioru.com\\\/web2\\\/about-us-2\\\/annetused-ja-toetajad\\\/#breadcrumb\"},\"inLanguage\":\"en-US\",\"potentialAction\":[{\"@type\":\"ReadAction\",\"target\":[\"https:\\\/\\\/seedrioru.com\\\/web2\\\/about-us-2\\\/annetused-ja-toetajad\\\/\"]}]},{\"@type\":\"ImageObject\",\"inLanguage\":\"en-US\",\"@id\":\"https:\\\/\\\/seedrioru.com\\\/web2\\\/about-us-2\\\/annetused-ja-toetajad\\\/#primaryimage\",\"url\":\"https:\\\/\\\/i0.wp.com\\\/seedrioru.com\\\/web2\\\/wp-content\\\/uploads\\\/2026\\\/04\\\/EFC_ESK_HORIZ_COLOUR.png?fit=1000%2C462&amp;ssl=1\",\"contentUrl\":\"https:\\\/\\\/i0.wp.com\\\/seedrioru.com\\\/web2\\\/wp-content\\\/uploads\\\/2026\\\/04\\\/EFC_ESK_HORIZ_COLOUR.png?fit=1000%2C462&amp;ssl=1\"},{\"@type\":\"BreadcrumbList\",\"@id\":\"https:\\\/\\\/seedrioru.com\\\/web2\\\/about-us-2\\\/annetused-ja-toetajad\\\/#breadcrumb\",\"itemListElement\":[{\"@type\":\"ListItem\",\"position\":1,\"name\":\"Home\",\"item\":\"https:\\\/\\\/seedrioru.com\\\/web2\\\/\"},{\"@type\":\"ListItem\",\"position\":2,\"name\":\"Meist | About Us\",\"item\":\"https:\\\/\\\/seedrioru.com\\\/web2\\\/about-us-2\\\/\"},{\"@type\":\"ListItem\",\"position\":3,\"name\":\"Anneta | Donate\"}]},{\"@type\":\"WebSite\",\"@id\":\"https:\\\/\\\/seedrioru.com\\\/web2\\\/#website\",\"url\":\"https:\\\/\\\/seedrioru.com\\\/web2\\\/\",\"name\":\"Seedrioru\",\"description\":\"Estonian Children&#039;s Summer Camp\",\"publisher\":{\"@id\":\"https:\\\/\\\/seedrioru.com\\\/web2\\\/#organization\"},\"potentialAction\":[{\"@type\":\"SearchAction\",\"target\":{\"@type\":\"EntryPoint\",\"urlTemplate\":\"https:\\\/\\\/seedrioru.com\\\/web2\\\/?s={search_term_string}\"},\"query-input\":{\"@type\":\"PropertyValueSpecification\",\"valueRequired\":true,\"valueName\":\"search_term_string\"}}],\"inLanguage\":\"en-US\"},{\"@type\":\"Organization\",\"@id\":\"https:\\\/\\\/seedrioru.com\\\/web2\\\/#organization\",\"name\":\"Seedrioru\",\"alternateName\":\"Seedrioru Estonian Childrens Camp\",\"url\":\"https:\\\/\\\/seedrioru.com\\\/web2\\\/\",\"logo\":{\"@type\":\"ImageObject\",\"inLanguage\":\"en-US\",\"@id\":\"https:\\\/\\\/seedrioru.com\\\/web2\\\/#\\\/schema\\\/logo\\\/image\\\/\",\"url\":\"https:\\\/\\\/i0.wp.com\\\/seedrioru.com\\\/web2\\\/wp-content\\\/uploads\\\/2022\\\/02\\\/Seedrioru-Logo-Med.png?fit=136%2C180&ssl=1\",\"contentUrl\":\"https:\\\/\\\/i0.wp.com\\\/seedrioru.com\\\/web2\\\/wp-content\\\/uploads\\\/2022\\\/02\\\/Seedrioru-Logo-Med.png?fit=136%2C180&ssl=1\",\"width\":136,\"height\":180,\"caption\":\"Seedrioru\"},\"image\":{\"@id\":\"https:\\\/\\\/seedrioru.com\\\/web2\\\/#\\\/schema\\\/logo\\\/image\\\/\"},\"sameAs\":[\"https:\\\/\\\/www.facebook.com\\\/Seedrioru\",\"https:\\\/\\\/www.instagram.com\\\/seedrioru\\\/\"]}]}<\/script>\n<!-- \/ Yoast SEO plugin. -->","yoast_head_json":{"title":"Annetused ja Toetajad","robots":{"index":"index","follow":"follow","max-snippet":"max-snippet:-1","max-image-preview":"max-image-preview:large","max-video-preview":"max-video-preview:-1"},"canonical":"https:\/\/seedrioru.com\/web2\/about-us-2\/annetused-ja-toetajad\/","og_locale":"en_US","og_type":"article","og_title":"Annetused ja Toetajad","og_description":"Toeta Seedriorut | Support Seedrioru Seedrioru \u00f5itseb t\u00e4nu oma kogukonnale. Juba \u00fcle 70 aasta on Hamiltoni, Kitcheneri, Londoni ja St. Catharinesi Eesti Seltside liikmed loonud ja hoidnud kaunist 60-aakrilist pelgupaika L\u00f5una-Ontarios\u2014paika, kus lapsed saavad s\u00fcvendada oma sidet eesti kultuuri, p\u00e4randi ja keelega ning luua suvelaagris m\u00e4lestusi, mis kestavad terve elu. Palume Teil kaaluda Seedrioru toetamist....Read more","og_url":"https:\/\/seedrioru.com\/web2\/about-us-2\/annetused-ja-toetajad\/","og_site_name":"Seedrioru","article_publisher":"https:\/\/www.facebook.com\/Seedrioru","article_modified_time":"2026-04-17T11:44:23+00:00","og_image":[{"width":1000,"height":462,"url":"https:\/\/i0.wp.com\/seedrioru.com\/web2\/wp-content\/uploads\/2026\/04\/EFC_ESK_HORIZ_COLOUR.png?fit=1000%2C462&ssl=1","type":"image\/png"}],"twitter_card":"summary_large_image","twitter_misc":{"Est. reading time":"2 minutes"},"schema":{"@context":"https:\/\/schema.org","@graph":[{"@type":"WebPage","@id":"https:\/\/seedrioru.com\/web2\/about-us-2\/annetused-ja-toetajad\/","url":"https:\/\/seedrioru.com\/web2\/about-us-2\/annetused-ja-toetajad\/","name":"Annetused ja Toetajad","isPartOf":{"@id":"https:\/\/seedrioru.com\/web2\/#website"},"primaryImageOfPage":{"@id":"https:\/\/seedrioru.com\/web2\/about-us-2\/annetused-ja-toetajad\/#primaryimage"},"image":{"@id":"https:\/\/seedrioru.com\/web2\/about-us-2\/annetused-ja-toetajad\/#primaryimage"},"thumbnailUrl":"https:\/\/i0.wp.com\/seedrioru.com\/web2\/wp-content\/uploads\/2026\/04\/EFC_ESK_HORIZ_COLOUR.png?fit=1000%2C462&amp;ssl=1","datePublished":"2020-01-21T21:13:19+00:00","dateModified":"2026-04-17T11:44:23+00:00","breadcrumb":{"@id":"https:\/\/seedrioru.com\/web2\/about-us-2\/annetused-ja-toetajad\/#breadcrumb"},"inLanguage":"en-US","potentialAction":[{"@type":"ReadAction","target":["https:\/\/seedrioru.com\/web2\/about-us-2\/annetused-ja-toetajad\/"]}]},{"@type":"ImageObject","inLanguage":"en-US","@id":"https:\/\/seedrioru.com\/web2\/about-us-2\/annetused-ja-toetajad\/#primaryimage","url":"https:\/\/i0.wp.com\/seedrioru.com\/web2\/wp-content\/uploads\/2026\/04\/EFC_ESK_HORIZ_COLOUR.png?fit=1000%2C462&amp;ssl=1","contentUrl":"https:\/\/i0.wp.com\/seedrioru.com\/web2\/wp-content\/uploads\/2026\/04\/EFC_ESK_HORIZ_COLOUR.png?fit=1000%2C462&amp;ssl=1"},{"@type":"BreadcrumbList","@id":"https:\/\/seedrioru.com\/web2\/about-us-2\/annetused-ja-toetajad\/#breadcrumb","itemListElement":[{"@type":"ListItem","position":1,"name":"Home","item":"https:\/\/seedrioru.com\/web2\/"},{"@type":"ListItem","position":2,"name":"Meist | About Us","item":"https:\/\/seedrioru.com\/web2\/about-us-2\/"},{"@type":"ListItem","position":3,"name":"Anneta | Donate"}]},{"@type":"WebSite","@id":"https:\/\/seedrioru.com\/web2\/#website","url":"https:\/\/seedrioru.com\/web2\/","name":"Seedrioru","description":"Estonian Children&#039;s Summer Camp","publisher":{"@id":"https:\/\/seedrioru.com\/web2\/#organization"},"potentialAction":[{"@type":"SearchAction","target":{"@type":"EntryPoint","urlTemplate":"https:\/\/seedrioru.com\/web2\/?s={search_term_string}"},"query-input":{"@type":"PropertyValueSpecification","valueRequired":true,"valueName":"search_term_string"}}],"inLanguage":"en-US"},{"@type":"Organization","@id":"https:\/\/seedrioru.com\/web2\/#organization","name":"Seedrioru","alternateName":"Seedrioru Estonian Childrens Camp","url":"https:\/\/seedrioru.com\/web2\/","logo":{"@type":"ImageObject","inLanguage":"en-US","@id":"https:\/\/seedrioru.com\/web2\/#\/schema\/logo\/image\/","url":"https:\/\/i0.wp.com\/seedrioru.com\/web2\/wp-content\/uploads\/2022\/02\/Seedrioru-Logo-Med.png?fit=136%2C180&ssl=1","contentUrl":"https:\/\/i0.wp.com\/seedrioru.com\/web2\/wp-content\/uploads\/2022\/02\/Seedrioru-Logo-Med.png?fit=136%2C180&ssl=1","width":136,"height":180,"caption":"Seedrioru"},"image":{"@id":"https:\/\/seedrioru.com\/web2\/#\/schema\/logo\/image\/"},"sameAs":["https:\/\/www.facebook.com\/Seedrioru","https:\/\/www.instagram.com\/seedrioru\/"]}]}},"jetpack_sharing_enabled":true,"_links":{"self":[{"href":"https:\/\/seedrioru.com\/web2\/wp-json\/wp\/v2\/pages\/3187","targetHints":{"allow":["GET"]}}],"collection":[{"href":"https:\/\/seedrioru.com\/web2\/wp-json\/wp\/v2\/pages"}],"about":[{"href":"https:\/\/seedrioru.com\/web2\/wp-json\/wp\/v2\/types\/page"}],"author":[{"embeddable":true,"href":"https:\/\/seedrioru.com\/web2\/wp-json\/wp\/v2\/users\/6"}],"replies":[{"embeddable":true,"href":"https:\/\/seedrioru.com\/web2\/wp-json\/wp\/v2\/comments?post=3187"}],"version-history":[{"count":5,"href":"https:\/\/seedrioru.com\/web2\/wp-json\/wp\/v2\/pages\/3187\/revisions"}],"predecessor-version":[{"id":12454,"href":"https:\/\/seedrioru.com\/web2\/wp-json\/wp\/v2\/pages\/3187\/revisions\/12454"}],"up":[{"embeddable":true,"href":"https:\/\/seedrioru.com\/web2\/wp-json\/wp\/v2\/pages\/3212"}],"wp:attachment":[{"href":"https:\/\/seedrioru.com\/web2\/wp-json\/wp\/v2\/media?parent=3187"}],"curies":[{"name":"wp","href":"https:\/\/api.w.org\/{rel}","templated":true}]}}