{"id":3212,"date":"2014-01-24T02:37:21","date_gmt":"2014-01-24T02:37:21","guid":{"rendered":"https:\/\/seedrioru.com\/web2?page_id=3212"},"modified":"2025-12-09T15:27:22","modified_gmt":"2025-12-09T20:27:22","slug":"about-us-2","status":"publish","type":"page","link":"https:\/\/seedrioru.com\/web2\/about-us-2\/","title":{"rendered":"Meist | About Us"},"content":{"rendered":"\n<p class=\"\">Seedrioru peamine eesm\u00e4rk on laste suvelaagri asutamine ja korraldamine ning Eesti kultuuri- ja sotsiaalhuvide edendamine L\u00f5una-Ontarios. Seedrioru, Eesti Suvelaagri Selts, on mittetulundus\u00fching, mis koosneb neljast Eesti kultuuriseltsist Hamiltonis, Londonis, Kitcheneris ja St. Catharines\u2019is.<\/p>\n\n\n\n<p class=\"\">Need seltsid nimetavad aastakoosolekul 7\u20139 direktorist koosneva juhatuse, kes vastutavad organisatsiooni iga-aastase tegevuse juhtimise ja korraldamise eest. Seedrioru tegutseb vastavalt oma kehtestatud <strong><strong><a href=\"https:\/\/seedrioru.com\/web2\/wp-content\/uploads\/2025\/12\/By-Law-Final-2021.pdf\">p\u00f5hikirjale<\/a><\/strong><\/strong> ja eeskirjadele.<\/p>\n\n\n\n<hr class=\"wp-block-separator has-alpha-channel-opacity\"\/>\n\n\n\n<p class=\"\"><em>Seedrioru\u2019s principal mandate is to establish and operate a summer camp for children and to advance Estonian cultural and social interests in southern Ontario. Seedrioru, the Estonian Summer Camp Society, is a non-profit organization composed of four Estonian cultural societies located in Hamilton, London, Kitchener, and St. Catharines.<\/em><\/p>\n\n\n\n<p class=\"\"><em>These societies appoint 7-9 directors at the Annual General Meeting, who collectively form the Board of Directors responsible for overseeing and administering the organization\u2019s annual activities. Seedrioru functions in accordance with its established <strong><a href=\"https:\/\/seedrioru.com\/web2\/wp-content\/uploads\/2025\/12\/By-Law-Final-2021.pdf\">By-Laws<\/a><\/strong>\u00a0and\u00a0Regulations.<\/em><\/p>\n\n\n\n<p class=\"\"><\/p>\n\n\n\n<!--more-->\n","protected":false},"excerpt":{"rendered":"<p>Seedrioru peamine eesm\u00e4rk on laste suvelaagri asutamine ja korraldamine ning Eesti kultuuri- ja sotsiaalhuvide edendamine L\u00f5una-Ontarios. Seedrioru, Eesti Suvelaagri Selts, on mittetulundus\u00fching, mis koosneb neljast Eesti kultuuriseltsist Hamiltonis, Londonis, Kitcheneris ja St. Catharines\u2019is. Need seltsid nimetavad aastakoosolekul 7\u20139 direktorist koosneva juhatuse, kes vastutavad organisatsiooni iga-aastase tegevuse juhtimise ja korraldamise eest. Seedrioru tegutseb vastavalt oma kehtestatud&#8230;<a class=\"read-more-link button\" href=\"https:\/\/seedrioru.com\/web2\/about-us-2\/\">Read more<\/a><\/p>\n","protected":false},"author":1,"featured_media":0,"parent":0,"menu_order":2,"comment_status":"closed","ping_status":"closed","template":"","meta":{"nf_dc_page":"","ngg_post_thumbnail":0,"_mc_calendar":[],"footnotes":""},"class_list":["post-3212","page","type-page","status-publish","hentry"],"yoast_head":"<!-- This site is optimized with the Yoast SEO plugin v27.4 - https:\/\/yoast.com\/product\/yoast-seo-wordpress\/ -->\n<title>Meie Kohta<\/title>\n<meta name=\"robots\" content=\"index, follow, max-snippet:-1, max-image-preview:large, max-video-preview:-1\" \/>\n<link rel=\"canonical\" href=\"https:\/\/seedrioru.com\/web2\/about-us-2\/\" \/>\n<meta property=\"og:locale\" content=\"en_US\" \/>\n<meta property=\"og:type\" content=\"article\" \/>\n<meta property=\"og:title\" content=\"Meie Kohta\" \/>\n<meta property=\"og:description\" content=\"Seedrioru peamine eesm\u00e4rk on laste suvelaagri asutamine ja korraldamine ning Eesti kultuuri- ja sotsiaalhuvide edendamine L\u00f5una-Ontarios. Seedrioru, Eesti Suvelaagri Selts, on mittetulundus\u00fching, mis koosneb neljast Eesti kultuuriseltsist Hamiltonis, Londonis, Kitcheneris ja St. Catharines\u2019is. Need seltsid nimetavad aastakoosolekul 7\u20139 direktorist koosneva juhatuse, kes vastutavad organisatsiooni iga-aastase tegevuse juhtimise ja korraldamise eest. Seedrioru tegutseb vastavalt oma kehtestatud...Read more\" \/>\n<meta property=\"og:url\" content=\"https:\/\/seedrioru.com\/web2\/about-us-2\/\" \/>\n<meta property=\"og:site_name\" content=\"Seedrioru\" \/>\n<meta property=\"article:publisher\" content=\"https:\/\/www.facebook.com\/Seedrioru\" \/>\n<meta property=\"article:modified_time\" content=\"2025-12-09T20:27:22+00:00\" \/>\n<meta name=\"twitter:card\" content=\"summary_large_image\" \/>\n<meta name=\"twitter:label1\" content=\"Est. reading time\" \/>\n\t<meta name=\"twitter:data1\" content=\"1 minute\" \/>\n<script type=\"application\/ld+json\" class=\"yoast-schema-graph\">{\"@context\":\"https:\\\/\\\/schema.org\",\"@graph\":[{\"@type\":\"WebPage\",\"@id\":\"https:\\\/\\\/seedrioru.com\\\/web2\\\/about-us-2\\\/\",\"url\":\"https:\\\/\\\/seedrioru.com\\\/web2\\\/about-us-2\\\/\",\"name\":\"Meie Kohta\",\"isPartOf\":{\"@id\":\"https:\\\/\\\/seedrioru.com\\\/web2\\\/#website\"},\"datePublished\":\"2014-01-24T02:37:21+00:00\",\"dateModified\":\"2025-12-09T20:27:22+00:00\",\"breadcrumb\":{\"@id\":\"https:\\\/\\\/seedrioru.com\\\/web2\\\/about-us-2\\\/#breadcrumb\"},\"inLanguage\":\"en-US\",\"potentialAction\":[{\"@type\":\"ReadAction\",\"target\":[\"https:\\\/\\\/seedrioru.com\\\/web2\\\/about-us-2\\\/\"]}]},{\"@type\":\"BreadcrumbList\",\"@id\":\"https:\\\/\\\/seedrioru.com\\\/web2\\\/about-us-2\\\/#breadcrumb\",\"itemListElement\":[{\"@type\":\"ListItem\",\"position\":1,\"name\":\"Home\",\"item\":\"https:\\\/\\\/seedrioru.com\\\/web2\\\/\"},{\"@type\":\"ListItem\",\"position\":2,\"name\":\"Meist | About Us\"}]},{\"@type\":\"WebSite\",\"@id\":\"https:\\\/\\\/seedrioru.com\\\/web2\\\/#website\",\"url\":\"https:\\\/\\\/seedrioru.com\\\/web2\\\/\",\"name\":\"Seedrioru\",\"description\":\"Estonian Children&#039;s Summer Camp\",\"publisher\":{\"@id\":\"https:\\\/\\\/seedrioru.com\\\/web2\\\/#organization\"},\"potentialAction\":[{\"@type\":\"SearchAction\",\"target\":{\"@type\":\"EntryPoint\",\"urlTemplate\":\"https:\\\/\\\/seedrioru.com\\\/web2\\\/?s={search_term_string}\"},\"query-input\":{\"@type\":\"PropertyValueSpecification\",\"valueRequired\":true,\"valueName\":\"search_term_string\"}}],\"inLanguage\":\"en-US\"},{\"@type\":\"Organization\",\"@id\":\"https:\\\/\\\/seedrioru.com\\\/web2\\\/#organization\",\"name\":\"Seedrioru\",\"alternateName\":\"Seedrioru Estonian Childrens Camp\",\"url\":\"https:\\\/\\\/seedrioru.com\\\/web2\\\/\",\"logo\":{\"@type\":\"ImageObject\",\"inLanguage\":\"en-US\",\"@id\":\"https:\\\/\\\/seedrioru.com\\\/web2\\\/#\\\/schema\\\/logo\\\/image\\\/\",\"url\":\"https:\\\/\\\/i0.wp.com\\\/seedrioru.com\\\/web2\\\/wp-content\\\/uploads\\\/2022\\\/02\\\/Seedrioru-Logo-Med.png?fit=136%2C180&ssl=1\",\"contentUrl\":\"https:\\\/\\\/i0.wp.com\\\/seedrioru.com\\\/web2\\\/wp-content\\\/uploads\\\/2022\\\/02\\\/Seedrioru-Logo-Med.png?fit=136%2C180&ssl=1\",\"width\":136,\"height\":180,\"caption\":\"Seedrioru\"},\"image\":{\"@id\":\"https:\\\/\\\/seedrioru.com\\\/web2\\\/#\\\/schema\\\/logo\\\/image\\\/\"},\"sameAs\":[\"https:\\\/\\\/www.facebook.com\\\/Seedrioru\",\"https:\\\/\\\/www.instagram.com\\\/seedrioru\\\/\"]}]}<\/script>\n<!-- \/ Yoast SEO plugin. -->","yoast_head_json":{"title":"Meie Kohta","robots":{"index":"index","follow":"follow","max-snippet":"max-snippet:-1","max-image-preview":"max-image-preview:large","max-video-preview":"max-video-preview:-1"},"canonical":"https:\/\/seedrioru.com\/web2\/about-us-2\/","og_locale":"en_US","og_type":"article","og_title":"Meie Kohta","og_description":"Seedrioru peamine eesm\u00e4rk on laste suvelaagri asutamine ja korraldamine ning Eesti kultuuri- ja sotsiaalhuvide edendamine L\u00f5una-Ontarios. Seedrioru, Eesti Suvelaagri Selts, on mittetulundus\u00fching, mis koosneb neljast Eesti kultuuriseltsist Hamiltonis, Londonis, Kitcheneris ja St. Catharines\u2019is. Need seltsid nimetavad aastakoosolekul 7\u20139 direktorist koosneva juhatuse, kes vastutavad organisatsiooni iga-aastase tegevuse juhtimise ja korraldamise eest. Seedrioru tegutseb vastavalt oma kehtestatud...Read more","og_url":"https:\/\/seedrioru.com\/web2\/about-us-2\/","og_site_name":"Seedrioru","article_publisher":"https:\/\/www.facebook.com\/Seedrioru","article_modified_time":"2025-12-09T20:27:22+00:00","twitter_card":"summary_large_image","twitter_misc":{"Est. reading time":"1 minute"},"schema":{"@context":"https:\/\/schema.org","@graph":[{"@type":"WebPage","@id":"https:\/\/seedrioru.com\/web2\/about-us-2\/","url":"https:\/\/seedrioru.com\/web2\/about-us-2\/","name":"Meie Kohta","isPartOf":{"@id":"https:\/\/seedrioru.com\/web2\/#website"},"datePublished":"2014-01-24T02:37:21+00:00","dateModified":"2025-12-09T20:27:22+00:00","breadcrumb":{"@id":"https:\/\/seedrioru.com\/web2\/about-us-2\/#breadcrumb"},"inLanguage":"en-US","potentialAction":[{"@type":"ReadAction","target":["https:\/\/seedrioru.com\/web2\/about-us-2\/"]}]},{"@type":"BreadcrumbList","@id":"https:\/\/seedrioru.com\/web2\/about-us-2\/#breadcrumb","itemListElement":[{"@type":"ListItem","position":1,"name":"Home","item":"https:\/\/seedrioru.com\/web2\/"},{"@type":"ListItem","position":2,"name":"Meist | About Us"}]},{"@type":"WebSite","@id":"https:\/\/seedrioru.com\/web2\/#website","url":"https:\/\/seedrioru.com\/web2\/","name":"Seedrioru","description":"Estonian Children&#039;s Summer Camp","publisher":{"@id":"https:\/\/seedrioru.com\/web2\/#organization"},"potentialAction":[{"@type":"SearchAction","target":{"@type":"EntryPoint","urlTemplate":"https:\/\/seedrioru.com\/web2\/?s={search_term_string}"},"query-input":{"@type":"PropertyValueSpecification","valueRequired":true,"valueName":"search_term_string"}}],"inLanguage":"en-US"},{"@type":"Organization","@id":"https:\/\/seedrioru.com\/web2\/#organization","name":"Seedrioru","alternateName":"Seedrioru Estonian Childrens Camp","url":"https:\/\/seedrioru.com\/web2\/","logo":{"@type":"ImageObject","inLanguage":"en-US","@id":"https:\/\/seedrioru.com\/web2\/#\/schema\/logo\/image\/","url":"https:\/\/i0.wp.com\/seedrioru.com\/web2\/wp-content\/uploads\/2022\/02\/Seedrioru-Logo-Med.png?fit=136%2C180&ssl=1","contentUrl":"https:\/\/i0.wp.com\/seedrioru.com\/web2\/wp-content\/uploads\/2022\/02\/Seedrioru-Logo-Med.png?fit=136%2C180&ssl=1","width":136,"height":180,"caption":"Seedrioru"},"image":{"@id":"https:\/\/seedrioru.com\/web2\/#\/schema\/logo\/image\/"},"sameAs":["https:\/\/www.facebook.com\/Seedrioru","https:\/\/www.instagram.com\/seedrioru\/"]}]}},"jetpack_sharing_enabled":true,"_links":{"self":[{"href":"https:\/\/seedrioru.com\/web2\/wp-json\/wp\/v2\/pages\/3212","targetHints":{"allow":["GET"]}}],"collection":[{"href":"https:\/\/seedrioru.com\/web2\/wp-json\/wp\/v2\/pages"}],"about":[{"href":"https:\/\/seedrioru.com\/web2\/wp-json\/wp\/v2\/types\/page"}],"author":[{"embeddable":true,"href":"https:\/\/seedrioru.com\/web2\/wp-json\/wp\/v2\/users\/1"}],"replies":[{"embeddable":true,"href":"https:\/\/seedrioru.com\/web2\/wp-json\/wp\/v2\/comments?post=3212"}],"version-history":[{"count":5,"href":"https:\/\/seedrioru.com\/web2\/wp-json\/wp\/v2\/pages\/3212\/revisions"}],"predecessor-version":[{"id":12321,"href":"https:\/\/seedrioru.com\/web2\/wp-json\/wp\/v2\/pages\/3212\/revisions\/12321"}],"wp:attachment":[{"href":"https:\/\/seedrioru.com\/web2\/wp-json\/wp\/v2\/media?parent=3212"}],"curies":[{"name":"wp","href":"https:\/\/api.w.org\/{rel}","templated":true}]}}