{"id":5757,"date":"2021-03-05T04:38:11","date_gmt":"2021-03-05T04:38:11","guid":{"rendered":"https:\/\/seedrioru.com\/web2\/board-of-directors-2021\/"},"modified":"2025-12-10T08:39:25","modified_gmt":"2025-12-10T13:39:25","slug":"board-of-directors","status":"publish","type":"page","link":"https:\/\/seedrioru.com\/web2\/about-us-2\/board-of-directors\/","title":{"rendered":"Juhatus | Board Of Directors"},"content":{"rendered":"\n<p class=\"\">Seedriorut juhib vabatahtlikest koosnev juhatus, kelle nimetavad igal aastal neli liikmesseltsi: <strong>Hamilton<\/strong>, <strong>Kitchener<\/strong>, <strong>London<\/strong> ja <strong>St. Catharines<\/strong>. Need seltsid moodustavad \u00fchiselt Eesti Suvelaagri Seltsi, mille \u00fclesanne on korraldada lastelaagrit ning edendada Eesti kultuuri- ja seltsielu L\u00f5una-Ontarios.<\/p>\n\n\n\n<p class=\"\">Igal aastal valitakse <strong>7\u20139 juhatuse liiget<\/strong>, kes vastutavad Seedrioru tegevuste juhtimise eest vastavalt kehtestatud p\u00f5hikirjale ja eeskirjadele. <strong>2026. aasta juhatus<\/strong> koosneb <strong>\u00fcheksast vabatahtlikust<\/strong>, kes on p\u00fchendunud organisatsiooni suunamisele ja toetamisele.<\/p>\n\n\n\n<p class=\"\">K\u00fcsimuste korral v\u00f5ite \u00fchendust v\u00f5tta juhatusega: <a href=\"mailto:info@seedrioru.com\">info@seedrioru.com<\/a> <\/p>\n\n\n\n<hr class=\"wp-block-separator has-alpha-channel-opacity\"\/>\n\n\n\n<p class=\"\"><em>Seedrioru is led by a volunteer Board of Directors appointed annually by its four member societies: <strong>Hamilton<\/strong>, <strong>Kitchener<\/strong>, <strong>London<\/strong>, and <strong>St. Catharines<\/strong>. These societies collectively form the Estonian Summer Camp Society, whose mandate is to operate a children\u2019s summer camp and promote Estonian cultural and social interests in southern Ontario.<\/em><\/p>\n\n\n\n<p class=\"\"><em>Each year, <strong>7\u20139 directors<\/strong> are elected at the Annual General Meeting to oversee Seedrioru\u2019s activities in accordance with its By-Laws and Regulations. The <strong>2026 Board<\/strong> is composed of <strong>nine volunteers<\/strong> dedicated to guiding and supporting the organization.<\/em><\/p>\n\n\n\n<p class=\"\"><em>For inquiries, you may contact the Board of Directors: <a href=\"mailto:info@seedrioru.com\">info@seedrioru.com<\/a> <\/em><\/p>\n","protected":false},"excerpt":{"rendered":"<p>Seedriorut juhib vabatahtlikest koosnev juhatus, kelle nimetavad igal aastal neli liikmesseltsi: Hamilton, Kitchener, London ja St. Catharines. Need seltsid moodustavad \u00fchiselt Eesti Suvelaagri Seltsi, mille \u00fclesanne on korraldada lastelaagrit ning edendada Eesti kultuuri- ja seltsielu L\u00f5una-Ontarios. Igal aastal valitakse 7\u20139 juhatuse liiget, kes vastutavad Seedrioru tegevuste juhtimise eest vastavalt kehtestatud p\u00f5hikirjale ja eeskirjadele. 2026. aasta&#8230;<a class=\"read-more-link button\" href=\"https:\/\/seedrioru.com\/web2\/about-us-2\/board-of-directors\/\">Read more<\/a><\/p>\n","protected":false},"author":1,"featured_media":0,"parent":3212,"menu_order":0,"comment_status":"closed","ping_status":"closed","template":"","meta":{"nf_dc_page":"","ngg_post_thumbnail":0,"_mc_calendar":[],"footnotes":""},"class_list":["post-5757","page","type-page","status-publish","hentry"],"yoast_head":"<!-- This site is optimized with the Yoast SEO plugin v27.4 - https:\/\/yoast.com\/product\/yoast-seo-wordpress\/ -->\n<title>Board of Directors<\/title>\n<meta name=\"description\" content=\"Information about the Board of Directors\" \/>\n<meta name=\"robots\" content=\"index, follow, max-snippet:-1, max-image-preview:large, max-video-preview:-1\" \/>\n<link rel=\"canonical\" href=\"https:\/\/seedrioru.com\/web2\/about-us-2\/board-of-directors\/\" \/>\n<meta property=\"og:locale\" content=\"en_US\" \/>\n<meta property=\"og:type\" content=\"article\" \/>\n<meta property=\"og:title\" content=\"Board of Directors\" \/>\n<meta property=\"og:description\" content=\"Information about the Board of Directors\" \/>\n<meta property=\"og:url\" content=\"https:\/\/seedrioru.com\/web2\/about-us-2\/board-of-directors\/\" \/>\n<meta property=\"og:site_name\" content=\"Seedrioru\" \/>\n<meta property=\"article:publisher\" content=\"https:\/\/www.facebook.com\/Seedrioru\" \/>\n<meta property=\"article:modified_time\" content=\"2025-12-10T13:39:25+00:00\" \/>\n<meta name=\"twitter:card\" content=\"summary_large_image\" \/>\n<meta name=\"twitter:label1\" content=\"Est. reading time\" \/>\n\t<meta name=\"twitter:data1\" content=\"1 minute\" \/>\n<script type=\"application\/ld+json\" class=\"yoast-schema-graph\">{\"@context\":\"https:\\\/\\\/schema.org\",\"@graph\":[{\"@type\":\"WebPage\",\"@id\":\"https:\\\/\\\/seedrioru.com\\\/web2\\\/about-us-2\\\/board-of-directors\\\/\",\"url\":\"https:\\\/\\\/seedrioru.com\\\/web2\\\/about-us-2\\\/board-of-directors\\\/\",\"name\":\"Board of Directors\",\"isPartOf\":{\"@id\":\"https:\\\/\\\/seedrioru.com\\\/web2\\\/#website\"},\"datePublished\":\"2021-03-05T04:38:11+00:00\",\"dateModified\":\"2025-12-10T13:39:25+00:00\",\"description\":\"Information about the Board of Directors\",\"breadcrumb\":{\"@id\":\"https:\\\/\\\/seedrioru.com\\\/web2\\\/about-us-2\\\/board-of-directors\\\/#breadcrumb\"},\"inLanguage\":\"en-US\",\"potentialAction\":[{\"@type\":\"ReadAction\",\"target\":[\"https:\\\/\\\/seedrioru.com\\\/web2\\\/about-us-2\\\/board-of-directors\\\/\"]}]},{\"@type\":\"BreadcrumbList\",\"@id\":\"https:\\\/\\\/seedrioru.com\\\/web2\\\/about-us-2\\\/board-of-directors\\\/#breadcrumb\",\"itemListElement\":[{\"@type\":\"ListItem\",\"position\":1,\"name\":\"Home\",\"item\":\"https:\\\/\\\/seedrioru.com\\\/web2\\\/\"},{\"@type\":\"ListItem\",\"position\":2,\"name\":\"Meist | About Us\",\"item\":\"https:\\\/\\\/seedrioru.com\\\/web2\\\/about-us-2\\\/\"},{\"@type\":\"ListItem\",\"position\":3,\"name\":\"Juhatus | Board Of Directors\"}]},{\"@type\":\"WebSite\",\"@id\":\"https:\\\/\\\/seedrioru.com\\\/web2\\\/#website\",\"url\":\"https:\\\/\\\/seedrioru.com\\\/web2\\\/\",\"name\":\"Seedrioru\",\"description\":\"Estonian Children&#039;s Summer Camp\",\"publisher\":{\"@id\":\"https:\\\/\\\/seedrioru.com\\\/web2\\\/#organization\"},\"potentialAction\":[{\"@type\":\"SearchAction\",\"target\":{\"@type\":\"EntryPoint\",\"urlTemplate\":\"https:\\\/\\\/seedrioru.com\\\/web2\\\/?s={search_term_string}\"},\"query-input\":{\"@type\":\"PropertyValueSpecification\",\"valueRequired\":true,\"valueName\":\"search_term_string\"}}],\"inLanguage\":\"en-US\"},{\"@type\":\"Organization\",\"@id\":\"https:\\\/\\\/seedrioru.com\\\/web2\\\/#organization\",\"name\":\"Seedrioru\",\"alternateName\":\"Seedrioru Estonian Childrens Camp\",\"url\":\"https:\\\/\\\/seedrioru.com\\\/web2\\\/\",\"logo\":{\"@type\":\"ImageObject\",\"inLanguage\":\"en-US\",\"@id\":\"https:\\\/\\\/seedrioru.com\\\/web2\\\/#\\\/schema\\\/logo\\\/image\\\/\",\"url\":\"https:\\\/\\\/i0.wp.com\\\/seedrioru.com\\\/web2\\\/wp-content\\\/uploads\\\/2022\\\/02\\\/Seedrioru-Logo-Med.png?fit=136%2C180&ssl=1\",\"contentUrl\":\"https:\\\/\\\/i0.wp.com\\\/seedrioru.com\\\/web2\\\/wp-content\\\/uploads\\\/2022\\\/02\\\/Seedrioru-Logo-Med.png?fit=136%2C180&ssl=1\",\"width\":136,\"height\":180,\"caption\":\"Seedrioru\"},\"image\":{\"@id\":\"https:\\\/\\\/seedrioru.com\\\/web2\\\/#\\\/schema\\\/logo\\\/image\\\/\"},\"sameAs\":[\"https:\\\/\\\/www.facebook.com\\\/Seedrioru\",\"https:\\\/\\\/www.instagram.com\\\/seedrioru\\\/\"]}]}<\/script>\n<!-- \/ Yoast SEO plugin. -->","yoast_head_json":{"title":"Board of Directors","description":"Information about the Board of Directors","robots":{"index":"index","follow":"follow","max-snippet":"max-snippet:-1","max-image-preview":"max-image-preview:large","max-video-preview":"max-video-preview:-1"},"canonical":"https:\/\/seedrioru.com\/web2\/about-us-2\/board-of-directors\/","og_locale":"en_US","og_type":"article","og_title":"Board of Directors","og_description":"Information about the Board of Directors","og_url":"https:\/\/seedrioru.com\/web2\/about-us-2\/board-of-directors\/","og_site_name":"Seedrioru","article_publisher":"https:\/\/www.facebook.com\/Seedrioru","article_modified_time":"2025-12-10T13:39:25+00:00","twitter_card":"summary_large_image","twitter_misc":{"Est. reading time":"1 minute"},"schema":{"@context":"https:\/\/schema.org","@graph":[{"@type":"WebPage","@id":"https:\/\/seedrioru.com\/web2\/about-us-2\/board-of-directors\/","url":"https:\/\/seedrioru.com\/web2\/about-us-2\/board-of-directors\/","name":"Board of Directors","isPartOf":{"@id":"https:\/\/seedrioru.com\/web2\/#website"},"datePublished":"2021-03-05T04:38:11+00:00","dateModified":"2025-12-10T13:39:25+00:00","description":"Information about the Board of Directors","breadcrumb":{"@id":"https:\/\/seedrioru.com\/web2\/about-us-2\/board-of-directors\/#breadcrumb"},"inLanguage":"en-US","potentialAction":[{"@type":"ReadAction","target":["https:\/\/seedrioru.com\/web2\/about-us-2\/board-of-directors\/"]}]},{"@type":"BreadcrumbList","@id":"https:\/\/seedrioru.com\/web2\/about-us-2\/board-of-directors\/#breadcrumb","itemListElement":[{"@type":"ListItem","position":1,"name":"Home","item":"https:\/\/seedrioru.com\/web2\/"},{"@type":"ListItem","position":2,"name":"Meist | About Us","item":"https:\/\/seedrioru.com\/web2\/about-us-2\/"},{"@type":"ListItem","position":3,"name":"Juhatus | Board Of Directors"}]},{"@type":"WebSite","@id":"https:\/\/seedrioru.com\/web2\/#website","url":"https:\/\/seedrioru.com\/web2\/","name":"Seedrioru","description":"Estonian Children&#039;s Summer Camp","publisher":{"@id":"https:\/\/seedrioru.com\/web2\/#organization"},"potentialAction":[{"@type":"SearchAction","target":{"@type":"EntryPoint","urlTemplate":"https:\/\/seedrioru.com\/web2\/?s={search_term_string}"},"query-input":{"@type":"PropertyValueSpecification","valueRequired":true,"valueName":"search_term_string"}}],"inLanguage":"en-US"},{"@type":"Organization","@id":"https:\/\/seedrioru.com\/web2\/#organization","name":"Seedrioru","alternateName":"Seedrioru Estonian Childrens Camp","url":"https:\/\/seedrioru.com\/web2\/","logo":{"@type":"ImageObject","inLanguage":"en-US","@id":"https:\/\/seedrioru.com\/web2\/#\/schema\/logo\/image\/","url":"https:\/\/i0.wp.com\/seedrioru.com\/web2\/wp-content\/uploads\/2022\/02\/Seedrioru-Logo-Med.png?fit=136%2C180&ssl=1","contentUrl":"https:\/\/i0.wp.com\/seedrioru.com\/web2\/wp-content\/uploads\/2022\/02\/Seedrioru-Logo-Med.png?fit=136%2C180&ssl=1","width":136,"height":180,"caption":"Seedrioru"},"image":{"@id":"https:\/\/seedrioru.com\/web2\/#\/schema\/logo\/image\/"},"sameAs":["https:\/\/www.facebook.com\/Seedrioru","https:\/\/www.instagram.com\/seedrioru\/"]}]}},"jetpack_sharing_enabled":true,"_links":{"self":[{"href":"https:\/\/seedrioru.com\/web2\/wp-json\/wp\/v2\/pages\/5757","targetHints":{"allow":["GET"]}}],"collection":[{"href":"https:\/\/seedrioru.com\/web2\/wp-json\/wp\/v2\/pages"}],"about":[{"href":"https:\/\/seedrioru.com\/web2\/wp-json\/wp\/v2\/types\/page"}],"author":[{"embeddable":true,"href":"https:\/\/seedrioru.com\/web2\/wp-json\/wp\/v2\/users\/1"}],"replies":[{"embeddable":true,"href":"https:\/\/seedrioru.com\/web2\/wp-json\/wp\/v2\/comments?post=5757"}],"version-history":[{"count":5,"href":"https:\/\/seedrioru.com\/web2\/wp-json\/wp\/v2\/pages\/5757\/revisions"}],"predecessor-version":[{"id":12326,"href":"https:\/\/seedrioru.com\/web2\/wp-json\/wp\/v2\/pages\/5757\/revisions\/12326"}],"up":[{"embeddable":true,"href":"https:\/\/seedrioru.com\/web2\/wp-json\/wp\/v2\/pages\/3212"}],"wp:attachment":[{"href":"https:\/\/seedrioru.com\/web2\/wp-json\/wp\/v2\/media?parent=5757"}],"curies":[{"name":"wp","href":"https:\/\/api.w.org\/{rel}","templated":true}]}}