{"id":821,"date":"2021-02-21T19:58:00","date_gmt":"2021-02-21T19:58:00","guid":{"rendered":"http:\/\/seedrioru.com\/uus\/?page_id=4"},"modified":"2025-12-09T12:09:07","modified_gmt":"2025-12-09T17:09:07","slug":"camp","status":"publish","type":"page","link":"https:\/\/seedrioru.com\/web2\/camp\/","title":{"rendered":"Suvelaager | Summer Camp"},"content":{"rendered":"\n<h2 class=\"wp-block-heading\" id=\"welcome-to-seedrioru\"><strong>Tere tulemast Seedriorusse \u2013 paika, kus Eesti p\u00e4rand \u00e4rkab ellu!<\/strong><\/h2>\n\n\n<p><span style=\"font-weight: 400;\">Avastage Seedrioru v\u00f5lu \u2014 elav ja v\u00e4rvikas 62 aakri suurune \u00f6\u00f6bimisega suvelaager, mis asub kaunil Grand Riveri kaldal L\u00f5una-Ontarios. Juba ligi 70 aastat on Seedrioru olnud armastatud sihtkoht Eesti p\u00e4ritolu noortele ja teismelistele \u2014 ning ka \u00fclemaailmse Eesti kogukonna s\u00f5pradele \u2014 kes otsivad seiklusi, \u00fchtekuuluvust ja kultuurilist uhkust.<\/span><\/p>\n<p><span style=\"font-weight: 400;\">Seedriorus on iga suvi unustamatu. T\u00e4is tempokaid tegevusi ja s\u00fcdamlikke traditsioone annavad meie programmid lastele v\u00f5imaluse kasvada enesekindlamaks, luua elukestvaid s\u00f5prussuhteid ja koguda m\u00e4lestusi, mis j\u00e4\u00e4vad nendega kauaks p\u00e4rast l\u00f5kke\u00f5htu h\u00f5\u00f5guvate s\u00fcte h\u00e4\u00e4bumist. Meie kasvatajad on \u00fcks meie suurimaid tugevusi: enamik neist on olnud ise Seedrioru lapsed, ja paljud naasevad hiljem lapsevanemate, vanavanemate ja isegi vanavanavanematena \u2014 t\u00f5estus Seedrioru s\u00fcgavast m\u00f5just, armastusest ja lojaalsusest.<\/span><\/p>\n<p><span style=\"font-weight: 400;\">Seedrioru pakub igan\u00e4dalast t\u00e4ielikku eesti keele keelek\u00fcmblust, v\u00f5imaldades ainulaadsel moel t\u00e4histada ja hoida elus meie rikkalikku kultuurip\u00e4randit. Lapsed avastavad meie esivanemate kombeid, lugusid ja traditsioone \u2014 ning naudivad seda k\u00f5ike kogu s\u00fcdamest.<\/span><\/p>\n<p><b>Liitu meiega ja saa osaks aastak\u00fcmnete pikkusest ajaloost, kogukonnast ja seiklustest. Seedrioru ei ole lihtsalt suvelaager \u2014 see on p\u00e4rand.<\/b><\/p>\n\n\n<hr class=\"wp-block-separator has-alpha-channel-opacity\"\/>\n\n\n\n<h2 class=\"wp-block-heading\" id=\"welcome-to-seedrioru\"><strong><em><strong>Welcome to Seedrioru \u2013 Where Estonian Heritage Comes Alive!<\/strong><\/em><\/strong><\/h2>\n\n\n\n<p class=\"\"><em>Discover the magic of Seedrioru, a vibrant 62-acre overnight summer camp nestled along the scenic Grand River in Southern Ontario. For nearly 70 years, Seedrioru has been a prime destination for youth and teens of Estonian heritage\u2014as well as friends of the global Estonian community\u2014seeking adventure, connection, and cultural pride<\/em>.<\/p>\n\n\n\n<p class=\"\"><em>At Seedrioru, every summer is unforgettable. From action-packed activities to meaningful traditions, campers build confidence, form lifelong friendships, and create memories that stay with them long after campfire embers fade. Our counselor team is one of our greatest strengths: most were once campers themselves, and many later return as parents, grandparents, and even great-grandparents\u2014proof of the deep-rooted love and loyalty the Seedrioru experience inspires.<\/em><\/p>\n\n\n\n<p class=\"\"><em>Offering full weekly Estonian language immersion, Seedrioru provides a unique opportunity to celebrate and preserve our culture. Campers explore the customs, stories, and traditions of our Estonian ancestors while having the time of their lives.<\/em><\/p>\n\n\n\n<p class=\"\"><strong><em>Come join us\u2014and become part of decades of history, community, and adventure. Seedrioru isn\u2019t just a summer camp; it\u2019s a legacy<\/em>.<\/strong><\/p>\n\n\n\n<figure class=\"wp-block-pullquote\"><blockquote><p><strong>More than a summer camp, Seedrioru is where fun happens, memories are made, and lifelong friends are found.<\/strong><br><em><strong>\u201cLeian s\u00f5pru hulgana!\u201d \u2014 I\u2019ll find lots of friends!<\/strong><br><\/em><\/p><\/blockquote><\/figure>\n\n\n\n<div class=\"wp-block-group\"><div class=\"wp-block-group__inner-container is-layout-flow wp-block-group-is-layout-flow\">\n<p class=\"\"><\/p>\n\n\n\n<h2 class=\"wp-block-heading has-text-align-center has-large-font-size\" id=\"activities\">Tegevused | <em>Activities<\/em><\/h2>\n\n\n\n<p class=\"\">Seedriorus on iga p\u00e4ev t\u00e4is seiklusi, loovust ja v\u00f5imalusi avastada Eesti kultuuri. Laagris ootab lapsi lai valik tegevusi, mis innustavad julgemaid samme, meeskonnat\u00f6\u00f6d ja t\u00f5elist suvem\u00f5nu, sealhulgas:<\/p>\n\n\n\n<ul class=\"wp-block-list\">\n<li class=\"\"><strong>Ujumine<\/strong> meie v\u00e4rskendavas v\u00e4libasseinis<\/li>\n\n\n\n<li class=\"\"><strong>V\u00f5rkpall<\/strong>, <strong>korvpall<\/strong>, <strong>sulgpall<\/strong>, <strong>lauatennis<\/strong>, <strong>pickleball<\/strong> ja <strong>ketasgolf<\/strong><\/li>\n\n\n\n<li class=\"\"><strong>Kergej\u00f5ustik<\/strong> ja l\u00f5busad spordiv\u00e4ljakutsed<\/li>\n\n\n\n<li class=\"\">Klassikalised laagri lemmikud nagu <strong>Lipum\u00e4ng<\/strong> (Capture the Flag) ja p\u00f5nevad <strong>aardem\u00e4ngud<\/strong><\/li>\n\n\n\n<li class=\"\"><strong>Tuubis\u00f5it<\/strong> ja <strong>kanuutamine\/kajakimatk<\/strong> m\u00f6\u00f6da kaunist Grand Riverit<\/li>\n\n\n\n<li class=\"\"><strong>Orienteerumine<\/strong> ja <strong>looduse tundma\u00f5ppimine<\/strong> praktiliste tegevuste kaudu<\/li>\n\n\n\n<li class=\"\"><strong>Kunst ja k\u00e4sit\u00f6\u00f6<\/strong>, mis pakub ruumi loovusele<\/li>\n\n\n\n<li class=\"\"><strong>L\u00f5kke\u00f5htud<\/strong>, mis on t\u00e4is laule, jutte ja maiuseid<\/li>\n\n\n\n<li class=\"\"><strong>Eesti rahvatants<\/strong>, <strong>laulmine<\/strong> ja l\u00f5busad <strong>rahvalikud m\u00e4ngud<\/strong>, mis hoiavad elus meie kultuurip\u00e4randit<\/li>\n\n\n\n<li class=\"\"><strong>Tantsimine<\/strong>, r\u00f5\u00f5m ja unustamatud suvehetked<\/li>\n<\/ul>\n\n\n\n<p class=\"\">Olgu see siis sport, loovus v\u00f5i Eesti traditsioonide t\u00e4histamine \u2014 Seedriorus toimub alati midagi p\u00f5nevat!<\/p>\n<\/div><\/div>\n\n\n\n<hr class=\"wp-block-separator has-alpha-channel-opacity\"\/>\n\n\n\n<p class=\"\"><em>At Seedrioru, every day is packed with adventure, creativity, and opportunities to explore Estonian culture. Campers can dive into a wide range of activities designed to inspire confidence, teamwork, and pure summer fun, including<\/em>:<\/p>\n\n\n\n<ul class=\"wp-block-list\">\n<li class=\"\"><em><strong>Swimming<\/strong> in our refreshing outdoor pool<\/em><\/li>\n\n\n\n<li class=\"\"><em><strong>Volleyball<\/strong>, <strong>basketball<\/strong>, <strong>badminton<\/strong>, <strong>ping pong<\/strong>, <strong>pickleball<\/strong>, and <strong>disc golf<\/strong><\/em><\/li>\n\n\n\n<li class=\"\"><em><strong>Track and field<\/strong> challenges to build strength and spirit<\/em><\/li>\n\n\n\n<li class=\"\"><em>Classic camp favourites like <strong>Capture the Flag<\/strong> and exciting <strong>scavenger hunts<\/strong><\/em><\/li>\n\n\n\n<li class=\"\"><em><strong>Tubing<\/strong> and <strong>kayaking<\/strong> down the scenic Grand River<\/em><\/li>\n\n\n\n<li class=\"\"><em><strong>Orienteering<\/strong> and <strong>learning about nature<\/strong> through hands-on outdoor exploration<\/em><\/li>\n\n\n\n<li class=\"\"><em><strong>Arts &amp; crafts<\/strong> to spark creativity<\/em><\/li>\n\n\n\n<li class=\"\"><em>Lively <strong>campfires<\/strong> filled with songs, stories, and roasting treats<\/em><\/li>\n\n\n\n<li class=\"\"><em><strong>Estonian folk dancing<\/strong>, <strong>singing<\/strong>, and traditional <strong>folk games<\/strong> that celebrate our cultural heritage<\/em><\/li>\n\n\n\n<li class=\"\"><em>Plenty of <strong>dancing<\/strong>, laughter, and unforgettable summertime moments<\/em><\/li>\n<\/ul>\n\n\n\n<p class=\"\"><em>Whether campers are competing on the field, discovering new talents, or celebrating Estonian traditions, there\u2019s always something exciting happening at Seedrioru!<\/em><\/p>\n","protected":false},"excerpt":{"rendered":"<p>Tere tulemast Seedriorusse \u2013 paika, kus Eesti p\u00e4rand \u00e4rkab ellu! Avastage Seedrioru v\u00f5lu \u2014 elav ja v\u00e4rvikas 62 aakri suurune \u00f6\u00f6bimisega suvelaager, mis asub kaunil Grand Riveri kaldal L\u00f5una-Ontarios. Juba ligi 70 aastat on Seedrioru olnud armastatud sihtkoht Eesti p\u00e4ritolu noortele ja teismelistele \u2014 ning ka \u00fclemaailmse Eesti kogukonna s\u00f5pradele \u2014 kes otsivad seiklusi, \u00fchtekuuluvust&#8230;<a class=\"read-more-link button\" href=\"https:\/\/seedrioru.com\/web2\/camp\/\">Read more<\/a><\/p>\n","protected":false},"author":1,"featured_media":0,"parent":0,"menu_order":2,"comment_status":"closed","ping_status":"closed","template":"","meta":{"nf_dc_page":"","ngg_post_thumbnail":0,"_mc_calendar":[],"footnotes":""},"class_list":["post-821","page","type-page","status-publish","hentry"],"yoast_head":"<!-- This site is optimized with the Yoast SEO plugin v27.5 - https:\/\/yoast.com\/product\/yoast-seo-wordpress\/ -->\n<title>Summer Camp<\/title>\n<meta name=\"robots\" content=\"index, follow, max-snippet:-1, max-image-preview:large, max-video-preview:-1\" \/>\n<link rel=\"canonical\" href=\"https:\/\/seedrioru.com\/web2\/camp\/\" \/>\n<meta property=\"og:locale\" content=\"en_US\" \/>\n<meta property=\"og:type\" content=\"article\" \/>\n<meta property=\"og:title\" content=\"Summer Camp\" \/>\n<meta property=\"og:description\" content=\"Tere tulemast Seedriorusse \u2013 paika, kus Eesti p\u00e4rand \u00e4rkab ellu! Avastage Seedrioru v\u00f5lu \u2014 elav ja v\u00e4rvikas 62 aakri suurune \u00f6\u00f6bimisega suvelaager, mis asub kaunil Grand Riveri kaldal L\u00f5una-Ontarios. Juba ligi 70 aastat on Seedrioru olnud armastatud sihtkoht Eesti p\u00e4ritolu noortele ja teismelistele \u2014 ning ka \u00fclemaailmse Eesti kogukonna s\u00f5pradele \u2014 kes otsivad seiklusi, \u00fchtekuuluvust...Read more\" \/>\n<meta property=\"og:url\" content=\"https:\/\/seedrioru.com\/web2\/camp\/\" \/>\n<meta property=\"og:site_name\" content=\"Seedrioru\" \/>\n<meta property=\"article:publisher\" content=\"https:\/\/www.facebook.com\/Seedrioru\" \/>\n<meta property=\"article:modified_time\" content=\"2025-12-09T17:09:07+00:00\" \/>\n<meta name=\"twitter:card\" content=\"summary_large_image\" \/>\n<meta name=\"twitter:label1\" content=\"Est. reading time\" \/>\n\t<meta name=\"twitter:data1\" content=\"3 minutes\" \/>\n<script type=\"application\/ld+json\" class=\"yoast-schema-graph\">{\"@context\":\"https:\\\/\\\/schema.org\",\"@graph\":[{\"@type\":\"WebPage\",\"@id\":\"https:\\\/\\\/seedrioru.com\\\/web2\\\/camp\\\/\",\"url\":\"https:\\\/\\\/seedrioru.com\\\/web2\\\/camp\\\/\",\"name\":\"Summer Camp\",\"isPartOf\":{\"@id\":\"https:\\\/\\\/seedrioru.com\\\/web2\\\/#website\"},\"datePublished\":\"2021-02-21T19:58:00+00:00\",\"dateModified\":\"2025-12-09T17:09:07+00:00\",\"breadcrumb\":{\"@id\":\"https:\\\/\\\/seedrioru.com\\\/web2\\\/camp\\\/#breadcrumb\"},\"inLanguage\":\"en-US\",\"potentialAction\":[{\"@type\":\"ReadAction\",\"target\":[\"https:\\\/\\\/seedrioru.com\\\/web2\\\/camp\\\/\"]}]},{\"@type\":\"BreadcrumbList\",\"@id\":\"https:\\\/\\\/seedrioru.com\\\/web2\\\/camp\\\/#breadcrumb\",\"itemListElement\":[{\"@type\":\"ListItem\",\"position\":1,\"name\":\"Home\",\"item\":\"https:\\\/\\\/seedrioru.com\\\/web2\\\/\"},{\"@type\":\"ListItem\",\"position\":2,\"name\":\"Suvelaager | Summer Camp\"}]},{\"@type\":\"WebSite\",\"@id\":\"https:\\\/\\\/seedrioru.com\\\/web2\\\/#website\",\"url\":\"https:\\\/\\\/seedrioru.com\\\/web2\\\/\",\"name\":\"Seedrioru\",\"description\":\"Estonian Children&#039;s Summer Camp\",\"publisher\":{\"@id\":\"https:\\\/\\\/seedrioru.com\\\/web2\\\/#organization\"},\"potentialAction\":[{\"@type\":\"SearchAction\",\"target\":{\"@type\":\"EntryPoint\",\"urlTemplate\":\"https:\\\/\\\/seedrioru.com\\\/web2\\\/?s={search_term_string}\"},\"query-input\":{\"@type\":\"PropertyValueSpecification\",\"valueRequired\":true,\"valueName\":\"search_term_string\"}}],\"inLanguage\":\"en-US\"},{\"@type\":\"Organization\",\"@id\":\"https:\\\/\\\/seedrioru.com\\\/web2\\\/#organization\",\"name\":\"Seedrioru\",\"alternateName\":\"Seedrioru Estonian Childrens Camp\",\"url\":\"https:\\\/\\\/seedrioru.com\\\/web2\\\/\",\"logo\":{\"@type\":\"ImageObject\",\"inLanguage\":\"en-US\",\"@id\":\"https:\\\/\\\/seedrioru.com\\\/web2\\\/#\\\/schema\\\/logo\\\/image\\\/\",\"url\":\"https:\\\/\\\/i0.wp.com\\\/seedrioru.com\\\/web2\\\/wp-content\\\/uploads\\\/2022\\\/02\\\/Seedrioru-Logo-Med.png?fit=136%2C180&ssl=1\",\"contentUrl\":\"https:\\\/\\\/i0.wp.com\\\/seedrioru.com\\\/web2\\\/wp-content\\\/uploads\\\/2022\\\/02\\\/Seedrioru-Logo-Med.png?fit=136%2C180&ssl=1\",\"width\":136,\"height\":180,\"caption\":\"Seedrioru\"},\"image\":{\"@id\":\"https:\\\/\\\/seedrioru.com\\\/web2\\\/#\\\/schema\\\/logo\\\/image\\\/\"},\"sameAs\":[\"https:\\\/\\\/www.facebook.com\\\/Seedrioru\",\"https:\\\/\\\/www.instagram.com\\\/seedrioru\\\/\"]}]}<\/script>\n<!-- \/ Yoast SEO plugin. -->","yoast_head_json":{"title":"Summer Camp","robots":{"index":"index","follow":"follow","max-snippet":"max-snippet:-1","max-image-preview":"max-image-preview:large","max-video-preview":"max-video-preview:-1"},"canonical":"https:\/\/seedrioru.com\/web2\/camp\/","og_locale":"en_US","og_type":"article","og_title":"Summer Camp","og_description":"Tere tulemast Seedriorusse \u2013 paika, kus Eesti p\u00e4rand \u00e4rkab ellu! Avastage Seedrioru v\u00f5lu \u2014 elav ja v\u00e4rvikas 62 aakri suurune \u00f6\u00f6bimisega suvelaager, mis asub kaunil Grand Riveri kaldal L\u00f5una-Ontarios. Juba ligi 70 aastat on Seedrioru olnud armastatud sihtkoht Eesti p\u00e4ritolu noortele ja teismelistele \u2014 ning ka \u00fclemaailmse Eesti kogukonna s\u00f5pradele \u2014 kes otsivad seiklusi, \u00fchtekuuluvust...Read more","og_url":"https:\/\/seedrioru.com\/web2\/camp\/","og_site_name":"Seedrioru","article_publisher":"https:\/\/www.facebook.com\/Seedrioru","article_modified_time":"2025-12-09T17:09:07+00:00","twitter_card":"summary_large_image","twitter_misc":{"Est. reading time":"3 minutes"},"schema":{"@context":"https:\/\/schema.org","@graph":[{"@type":"WebPage","@id":"https:\/\/seedrioru.com\/web2\/camp\/","url":"https:\/\/seedrioru.com\/web2\/camp\/","name":"Summer Camp","isPartOf":{"@id":"https:\/\/seedrioru.com\/web2\/#website"},"datePublished":"2021-02-21T19:58:00+00:00","dateModified":"2025-12-09T17:09:07+00:00","breadcrumb":{"@id":"https:\/\/seedrioru.com\/web2\/camp\/#breadcrumb"},"inLanguage":"en-US","potentialAction":[{"@type":"ReadAction","target":["https:\/\/seedrioru.com\/web2\/camp\/"]}]},{"@type":"BreadcrumbList","@id":"https:\/\/seedrioru.com\/web2\/camp\/#breadcrumb","itemListElement":[{"@type":"ListItem","position":1,"name":"Home","item":"https:\/\/seedrioru.com\/web2\/"},{"@type":"ListItem","position":2,"name":"Suvelaager | Summer Camp"}]},{"@type":"WebSite","@id":"https:\/\/seedrioru.com\/web2\/#website","url":"https:\/\/seedrioru.com\/web2\/","name":"Seedrioru","description":"Estonian Children&#039;s Summer Camp","publisher":{"@id":"https:\/\/seedrioru.com\/web2\/#organization"},"potentialAction":[{"@type":"SearchAction","target":{"@type":"EntryPoint","urlTemplate":"https:\/\/seedrioru.com\/web2\/?s={search_term_string}"},"query-input":{"@type":"PropertyValueSpecification","valueRequired":true,"valueName":"search_term_string"}}],"inLanguage":"en-US"},{"@type":"Organization","@id":"https:\/\/seedrioru.com\/web2\/#organization","name":"Seedrioru","alternateName":"Seedrioru Estonian Childrens Camp","url":"https:\/\/seedrioru.com\/web2\/","logo":{"@type":"ImageObject","inLanguage":"en-US","@id":"https:\/\/seedrioru.com\/web2\/#\/schema\/logo\/image\/","url":"https:\/\/i0.wp.com\/seedrioru.com\/web2\/wp-content\/uploads\/2022\/02\/Seedrioru-Logo-Med.png?fit=136%2C180&ssl=1","contentUrl":"https:\/\/i0.wp.com\/seedrioru.com\/web2\/wp-content\/uploads\/2022\/02\/Seedrioru-Logo-Med.png?fit=136%2C180&ssl=1","width":136,"height":180,"caption":"Seedrioru"},"image":{"@id":"https:\/\/seedrioru.com\/web2\/#\/schema\/logo\/image\/"},"sameAs":["https:\/\/www.facebook.com\/Seedrioru","https:\/\/www.instagram.com\/seedrioru\/"]}]}},"jetpack_sharing_enabled":true,"_links":{"self":[{"href":"https:\/\/seedrioru.com\/web2\/wp-json\/wp\/v2\/pages\/821","targetHints":{"allow":["GET"]}}],"collection":[{"href":"https:\/\/seedrioru.com\/web2\/wp-json\/wp\/v2\/pages"}],"about":[{"href":"https:\/\/seedrioru.com\/web2\/wp-json\/wp\/v2\/types\/page"}],"author":[{"embeddable":true,"href":"https:\/\/seedrioru.com\/web2\/wp-json\/wp\/v2\/users\/1"}],"replies":[{"embeddable":true,"href":"https:\/\/seedrioru.com\/web2\/wp-json\/wp\/v2\/comments?post=821"}],"version-history":[{"count":5,"href":"https:\/\/seedrioru.com\/web2\/wp-json\/wp\/v2\/pages\/821\/revisions"}],"predecessor-version":[{"id":12308,"href":"https:\/\/seedrioru.com\/web2\/wp-json\/wp\/v2\/pages\/821\/revisions\/12308"}],"wp:attachment":[{"href":"https:\/\/seedrioru.com\/web2\/wp-json\/wp\/v2\/media?parent=821"}],"curies":[{"name":"wp","href":"https:\/\/api.w.org\/{rel}","templated":true}]}}